{"id":6579,"date":"2024-05-31T13:50:12","date_gmt":"2024-05-31T11:50:12","guid":{"rendered":"https:\/\/staging.lisettevandesandt.com\/veraenderungsbegleitung\/"},"modified":"2025-06-26T14:20:42","modified_gmt":"2025-06-26T12:20:42","slug":"veraenderungsbegleitung","status":"publish","type":"page","link":"https:\/\/lisettevandesandt.com\/de\/veraenderungsbegleitung\/","title":{"rendered":"Ver\u00e4nderungsbegleitung"},"content":{"rendered":"\t\t<div data-elementor-type=\"wp-page\" data-elementor-id=\"6579\" class=\"elementor elementor-6579 elementor-5385\">\n\t\t\t\t\t\t<section class=\"elementor-section elementor-top-section elementor-element elementor-element-58acb64c elementor-section-boxed elementor-section-height-default elementor-section-height-default\" data-id=\"58acb64c\" data-element_type=\"section\" data-e-type=\"section\" data-settings=\"{&quot;architecturer_ext_is_background_parallax&quot;:&quot;false&quot;,&quot;architecturer_ext_is_background_on_scroll&quot;:&quot;false&quot;}\">\n\t\t\t\t\t\t<div class=\"elementor-container elementor-column-gap-no\">\n\t\t\t\t\t<div class=\"elementor-column elementor-col-50 elementor-top-column elementor-element elementor-element-4e5bd17c\" data-id=\"4e5bd17c\" data-element_type=\"column\" data-e-type=\"column\" data-settings=\"{&quot;architecturer_ext_is_mobile_menu&quot;:&quot;false&quot;,&quot;architecturer_ext_is_scrollme&quot;:&quot;false&quot;,&quot;architecturer_ext_is_smoove&quot;:&quot;false&quot;,&quot;architecturer_ext_is_parallax_mouse&quot;:&quot;false&quot;,&quot;architecturer_ext_is_infinite&quot;:&quot;false&quot;,&quot;architecturer_ext_is_fadeout_animation&quot;:&quot;false&quot;}\">\n\t\t\t<div class=\"elementor-widget-wrap elementor-element-populated\">\n\t\t\t\t\t\t<div class=\"elementor-element elementor-element-57d9752b elementor-widget elementor-widget-heading\" data-id=\"57d9752b\" data-element_type=\"widget\" data-e-type=\"widget\" data-settings=\"{&quot;architecturer_ext_is_mobile_menu&quot;:&quot;false&quot;,&quot;architecturer_ext_is_scrollme&quot;:&quot;false&quot;,&quot;architecturer_ext_is_smoove&quot;:&quot;false&quot;,&quot;architecturer_ext_is_parallax_mouse&quot;:&quot;false&quot;,&quot;architecturer_ext_is_infinite&quot;:&quot;false&quot;,&quot;architecturer_ext_is_fadeout_animation&quot;:&quot;false&quot;}\" data-widget_type=\"heading.default\">\n\t\t\t\t<div class=\"elementor-widget-container\">\n\t\t\t\t\t<h1 class=\"elementor-heading-title elementor-size-default\">So kriegst du alle mit<\/h1>\t\t\t\t<\/div>\n\t\t\t\t<\/div>\n\t\t\t\t<div class=\"elementor-element elementor-element-313edc1f elementor-widget elementor-widget-text-editor\" data-id=\"313edc1f\" data-element_type=\"widget\" data-e-type=\"widget\" data-settings=\"{&quot;architecturer_ext_is_mobile_menu&quot;:&quot;false&quot;,&quot;architecturer_ext_is_scrollme&quot;:&quot;false&quot;,&quot;architecturer_ext_is_smoove&quot;:&quot;false&quot;,&quot;architecturer_ext_is_parallax_mouse&quot;:&quot;false&quot;,&quot;architecturer_ext_is_infinite&quot;:&quot;false&quot;,&quot;architecturer_ext_is_fadeout_animation&quot;:&quot;false&quot;}\" data-widget_type=\"text-editor.default\">\n\t\t\t\t<div class=\"elementor-widget-container\">\n\t\t\t\t\t\t\t\t\t<p>Viele Menschen fragen mich, wie ein Ver\u00e4nderungsprogramm oder ein Workshop aussieht. Im Idealfall finden wir gemeinsam heraus, was zu deiner Organisation passt. Ein Eindruck von meinen liebsten interaktiven Ver\u00e4nderungsworkshops und Trainingsprogrammen, die ich auf Deutsch, Englisch, Niederl\u00e4ndisch, Franz\u00f6sisch und Spanisch anbiete.<\/p>\t\t\t\t\t\t\t\t<\/div>\n\t\t\t\t<\/div>\n\t\t\t\t\t<\/div>\n\t\t<\/div>\n\t\t\t\t<div class=\"elementor-column elementor-col-50 elementor-top-column elementor-element elementor-element-24400234\" data-id=\"24400234\" data-element_type=\"column\" data-e-type=\"column\" data-settings=\"{&quot;architecturer_ext_is_mobile_menu&quot;:&quot;false&quot;,&quot;architecturer_ext_is_scrollme&quot;:&quot;false&quot;,&quot;architecturer_ext_is_smoove&quot;:&quot;false&quot;,&quot;architecturer_ext_is_parallax_mouse&quot;:&quot;false&quot;,&quot;architecturer_ext_is_infinite&quot;:&quot;false&quot;,&quot;architecturer_ext_is_fadeout_animation&quot;:&quot;false&quot;}\">\n\t\t\t<div class=\"elementor-widget-wrap elementor-element-populated\">\n\t\t\t\t\t\t<div class=\"elementor-element elementor-element-1d58d3d elementor-widget elementor-widget-image\" data-id=\"1d58d3d\" data-element_type=\"widget\" data-e-type=\"widget\" data-settings=\"{&quot;architecturer_image_is_animation&quot;:&quot;false&quot;,&quot;architecturer_ext_is_mobile_menu&quot;:&quot;false&quot;,&quot;architecturer_ext_is_scrollme&quot;:&quot;false&quot;,&quot;architecturer_ext_is_smoove&quot;:&quot;false&quot;,&quot;architecturer_ext_is_parallax_mouse&quot;:&quot;false&quot;,&quot;architecturer_ext_is_infinite&quot;:&quot;false&quot;,&quot;architecturer_ext_is_fadeout_animation&quot;:&quot;false&quot;}\" data-widget_type=\"image.default\">\n\t\t\t\t<div class=\"elementor-widget-container\">\n\t\t\t\t\t\t\t\t\t\t\t\t\t\t\t<img fetchpriority=\"high\" decoding=\"async\" width=\"1024\" height=\"681\" src=\"https:\/\/lisettevandesandt.com\/wp-content\/uploads\/2024\/07\/Change-view-Lisette-van-de-Sandt-1024x681.jpg\" class=\"attachment-large size-large wp-image-6267\" alt=\"\" srcset=\"https:\/\/lisettevandesandt.com\/wp-content\/uploads\/2024\/07\/Change-view-Lisette-van-de-Sandt-1024x681.jpg 1024w, https:\/\/lisettevandesandt.com\/wp-content\/uploads\/2024\/07\/Change-view-Lisette-van-de-Sandt-300x200.jpg 300w, https:\/\/lisettevandesandt.com\/wp-content\/uploads\/2024\/07\/Change-view-Lisette-van-de-Sandt-768x511.jpg 768w, https:\/\/lisettevandesandt.com\/wp-content\/uploads\/2024\/07\/Change-view-Lisette-van-de-Sandt-1536x1022.jpg 1536w, https:\/\/lisettevandesandt.com\/wp-content\/uploads\/2024\/07\/Change-view-Lisette-van-de-Sandt-2048x1363.jpg 2048w, https:\/\/lisettevandesandt.com\/wp-content\/uploads\/2024\/07\/Change-view-Lisette-van-de-Sandt-700x466.jpg 700w, https:\/\/lisettevandesandt.com\/wp-content\/uploads\/2024\/07\/Change-view-Lisette-van-de-Sandt-440x293.jpg 440w, https:\/\/lisettevandesandt.com\/wp-content\/uploads\/2024\/07\/Change-view-Lisette-van-de-Sandt-600x399.jpg 600w\" sizes=\"(max-width: 1024px) 100vw, 1024px\" \/>\t\t\t\t\t\t\t\t\t\t\t\t\t\t\t<\/div>\n\t\t\t\t<\/div>\n\t\t\t\t\t<\/div>\n\t\t<\/div>\n\t\t\t\t\t<\/div>\n\t\t<\/section>\n\t\t\t\t<section class=\"elementor-section elementor-top-section elementor-element elementor-element-60f3f74f animated-fast elementor-section-boxed elementor-section-height-default elementor-section-height-default elementor-invisible\" data-id=\"60f3f74f\" data-element_type=\"section\" data-e-type=\"section\" data-settings=\"{&quot;animation&quot;:&quot;fadeIn&quot;,&quot;architecturer_ext_is_background_parallax&quot;:&quot;false&quot;,&quot;architecturer_ext_is_background_on_scroll&quot;:&quot;false&quot;}\">\n\t\t\t\t\t\t<div class=\"elementor-container elementor-column-gap-no\">\n\t\t\t\t\t<div class=\"elementor-column elementor-col-100 elementor-top-column elementor-element elementor-element-451e13c2\" data-id=\"451e13c2\" data-element_type=\"column\" data-e-type=\"column\" data-settings=\"{&quot;architecturer_ext_is_mobile_menu&quot;:&quot;false&quot;,&quot;architecturer_ext_is_scrollme&quot;:&quot;false&quot;,&quot;architecturer_ext_is_smoove&quot;:&quot;false&quot;,&quot;architecturer_ext_is_parallax_mouse&quot;:&quot;false&quot;,&quot;architecturer_ext_is_infinite&quot;:&quot;false&quot;,&quot;architecturer_ext_is_fadeout_animation&quot;:&quot;false&quot;}\">\n\t\t\t<div class=\"elementor-widget-wrap elementor-element-populated\">\n\t\t\t\t\t\t<div class=\"elementor-element elementor-element-5f17df2e animated-fast elementor-invisible elementor-widget elementor-widget-architecturer-portfolio-classic\" data-id=\"5f17df2e\" data-element_type=\"widget\" data-e-type=\"widget\" data-settings=\"{&quot;_animation&quot;:&quot;fadeIn&quot;,&quot;_animation_delay&quot;:600,&quot;architecturer_ext_is_mobile_menu&quot;:&quot;false&quot;,&quot;architecturer_ext_is_scrollme&quot;:&quot;false&quot;,&quot;architecturer_ext_is_smoove&quot;:&quot;false&quot;,&quot;architecturer_ext_is_parallax_mouse&quot;:&quot;false&quot;,&quot;architecturer_ext_is_infinite&quot;:&quot;false&quot;,&quot;architecturer_ext_is_fadeout_animation&quot;:&quot;false&quot;}\" data-widget_type=\"architecturer-portfolio-classic.default\">\n\t\t\t\t<div class=\"elementor-widget-container\">\n\t\t\t\t\t<div class=\"portfolio_classic_container\">\n<div class=\"portfolio_classic_content_wrapper portfolio_classic layout_tg_three_cols \" data-cols=\"3\">\n\t\t<div class=\"portfolio_classic_grid_wrapper tg_three_cols   portfolio-1 tile scale-anm  all no_filter\" >\n\t\t\t<div class=\"portfolio_classic_img\">\n\t\t\t\t<img decoding=\"async\" src=\"https:\/\/lisettevandesandt.com\/wp-content\/uploads\/2024\/07\/Positive-Change-inspiration-workshop-700x466.jpg\" alt=\"\" \/>\n\t\t\t\n\t\t\t\t<div>\t\t\n\t\t\t\t\t<span class=\"ti-arrow-right\"><\/span>\n\t\t\t\t\t<div class=\"curl\"><\/div>\n\t\t\t\t\t<a rel=\"noopener noreferrer\" href=\"https:\/\/lisettevandesandt.com\/de\/veraenderungsbegleitung\/positive-change-impulsworkshop\/\"  ><\/a>\n\t\t\t\t<\/div>\n\t\t\t<\/div>\n\t\t\t<br class=\"clear\"\/>\n\t\t\t<div class=\"portfolio_classic_content\">\n\t\t\t\t<h3 class=\"portfolio_classic_title\"><a rel=\"noopener noreferrer\" href=\"https:\/\/lisettevandesandt.com\/de\/veraenderungsbegleitung\/positive-change-impulsworkshop\/\"  >Positive Change Impulsworkshop<\/a><\/h3>\n\t\t\t\t<div class=\"portfolio_classic_subtitle\">Erfahre, wie Positivit\u00e4t Menschen dazu inspiriert, selbst eine aktive Rolle im Wandel zu \u00fcbernehmen.<\/div>\n\t\t\t<\/div>\n\t\t<\/div>\n\t\t<div class=\"portfolio_classic_grid_wrapper tg_three_cols   portfolio-2 tile scale-anm  all no_filter\" >\n\t\t\t<div class=\"portfolio_classic_img\">\n\t\t\t\t<img decoding=\"async\" src=\"https:\/\/lisettevandesandt.com\/wp-content\/uploads\/2024\/07\/Training-700x466.jpg\" alt=\"\" \/>\n\t\t\t\n\t\t\t\t<div>\t\t\n\t\t\t\t\t<span class=\"ti-arrow-right\"><\/span>\n\t\t\t\t\t<div class=\"curl\"><\/div>\n\t\t\t\t\t<a rel=\"noopener noreferrer\" href=\"https:\/\/lisettevandesandt.com\/de\/veraenderungsbegleitung\/leading-change-training\/\"  ><\/a>\n\t\t\t\t<\/div>\n\t\t\t<\/div>\n\t\t\t<br class=\"clear\"\/>\n\t\t\t<div class=\"portfolio_classic_content\">\n\t\t\t\t<h3 class=\"portfolio_classic_title\"><a rel=\"noopener noreferrer\" href=\"https:\/\/lisettevandesandt.com\/de\/veraenderungsbegleitung\/leading-change-training\/\"  >Ver\u00e4nderungen F\u00fchren - Trainingsprogramm<\/a><\/h3>\n\t\t\t\t<div class=\"portfolio_classic_subtitle\">Setze Widerstand in Ver\u00e4nderungsmotivation um. Entdecke, wie du als F\u00fchrungskraft deine Mitarbeiter\/innen erfolgreich durch den Wandel f\u00fchren kannst.<\/div>\n\t\t\t<\/div>\n\t\t<\/div>\n\t\t<div class=\"portfolio_classic_grid_wrapper tg_three_cols last  portfolio-3 tile scale-anm  all no_filter\" >\n\t\t\t<div class=\"portfolio_classic_img\">\n\t\t\t\t<img decoding=\"async\" src=\"https:\/\/lisettevandesandt.com\/wp-content\/uploads\/2024\/07\/Storytelling-in-change-700x466.jpg\" alt=\"\" \/>\n\t\t\t\n\t\t\t\t<div>\t\t\n\t\t\t\t\t<span class=\"ti-arrow-right\"><\/span>\n\t\t\t\t\t<div class=\"curl\"><\/div>\n\t\t\t\t\t<a rel=\"noopener noreferrer\" href=\"https:\/\/lisettevandesandt.com\/de\/veraenderungsbegleitung\/storytelling-im-wandel\/\"  ><\/a>\n\t\t\t\t<\/div>\n\t\t\t<\/div>\n\t\t\t<br class=\"clear\"\/>\n\t\t\t<div class=\"portfolio_classic_content\">\n\t\t\t\t<h3 class=\"portfolio_classic_title\"><a rel=\"noopener noreferrer\" href=\"https:\/\/lisettevandesandt.com\/de\/veraenderungsbegleitung\/storytelling-im-wandel\/\"  >Storytelling im Wandel<\/a><\/h3>\n\t\t\t\t<div class=\"portfolio_classic_subtitle\">Erstelle eine attraktive und glaubw\u00fcrdige Ver\u00e4nderungsgeschichte, um deine Mitarbeiter\/innen mit ins Boot zu holen.<\/div>\n\t\t\t<\/div>\n\t\t<\/div>\n<br class=\"clear\"\/>\n<\/div>\n<\/div>\t\t\t\t<\/div>\n\t\t\t\t<\/div>\n\t\t\t\t\t<\/div>\n\t\t<\/div>\n\t\t\t\t\t<\/div>\n\t\t<\/section>\n\t\t<div class=\"elementor-element elementor-element-7ec7378 e-flex e-con-boxed e-con e-parent\" data-id=\"7ec7378\" data-element_type=\"container\" data-e-type=\"container\">\n\t\t\t\t\t<div class=\"e-con-inner\">\n\t\t\t\t<div class=\"elementor-element elementor-element-523d471 elementor-widget elementor-widget-heading\" data-id=\"523d471\" data-element_type=\"widget\" data-e-type=\"widget\" data-settings=\"{&quot;architecturer_ext_is_mobile_menu&quot;:&quot;false&quot;,&quot;architecturer_ext_is_scrollme&quot;:&quot;false&quot;,&quot;architecturer_ext_is_smoove&quot;:&quot;false&quot;,&quot;architecturer_ext_is_parallax_mouse&quot;:&quot;false&quot;,&quot;architecturer_ext_is_infinite&quot;:&quot;false&quot;,&quot;architecturer_ext_is_fadeout_animation&quot;:&quot;false&quot;}\" data-widget_type=\"heading.default\">\n\t\t\t\t<div class=\"elementor-widget-container\">\n\t\t\t\t\t<h2 class=\"elementor-heading-title elementor-size-default\">Was Kunden \u00fcber ma\u00dfgeschneiderte Ver\u00e4nderungsprozesse sagen<\/h2>\t\t\t\t<\/div>\n\t\t\t\t<\/div>\n\t\t\t\t<div class=\"elementor-element elementor-element-2e76ec2 elementor-widget elementor-widget-testimonial\" data-id=\"2e76ec2\" data-element_type=\"widget\" data-e-type=\"widget\" data-settings=\"{&quot;architecturer_ext_is_mobile_menu&quot;:&quot;false&quot;,&quot;architecturer_ext_is_scrollme&quot;:&quot;false&quot;,&quot;architecturer_ext_is_smoove&quot;:&quot;false&quot;,&quot;architecturer_ext_is_parallax_mouse&quot;:&quot;false&quot;,&quot;architecturer_ext_is_infinite&quot;:&quot;false&quot;,&quot;architecturer_ext_is_fadeout_animation&quot;:&quot;false&quot;}\" data-widget_type=\"testimonial.default\">\n\t\t\t\t<div class=\"elementor-widget-container\">\n\t\t\t\t\t\t\t<div class=\"elementor-testimonial-wrapper\">\n\t\t\t\t\t\t\t<div class=\"elementor-testimonial-content\">Die Teilnahme an Lisettes Empowerment-Trainings war echt eine transformative Erfahrung. Von Anfang an schuf sie mit ihrer Energie, Authentizit\u00e4t und ihrem tiefen Wissen einen Raum, in dem sich alle gesehen, geh\u00f6rt, motiviert und inspiriert f\u00fchlten. Die Tools und Techniken waren nicht nur motivierend, sondern auch sehr praktisch, umsetzbar und hatten sofort Auswirkungen auf unser Berufsleben und unseren Gesch\u00e4ftsalltag.\n<br \/>\n<br \/>\nLisette hat die einzigartige F\u00e4higkeit, zu jedem einzelnen Menschen eine Verbindung aufzubauen und ihm dabei zu helfen, Selbstvertrauen, Sinnhaftigkeit und innere St\u00e4rke zu entwickeln. Selbst weniger beliebte Rollenspiele wurden von eher introvertierten Teilnehmern mit Motivation absolviert. Ich verlie\u00df das Training nicht nur mit einem Gef\u00fchl der St\u00e4rke, sondern auch mit neuer Klarheit und Motivation. Ich kann diese Erfahrung nur w\u00e4rmstens empfehlen \u2013 sie ist echt bahnbrechend.<\/div>\n\t\t\t\n\t\t\t\t\t\t<div class=\"elementor-testimonial-meta elementor-has-image elementor-testimonial-image-position-top\">\n\t\t\t\t<div class=\"elementor-testimonial-meta-inner\">\n\t\t\t\t\t\t\t\t\t\t\t<div class=\"elementor-testimonial-image\">\n\t\t\t\t\t\t\t<img decoding=\"async\" width=\"1024\" height=\"1024\" src=\"https:\/\/lisettevandesandt.com\/wp-content\/uploads\/2025\/06\/Yvonne-Ziesemer-1.jpg\" class=\"attachment-full size-full wp-image-8682\" alt=\"\" srcset=\"https:\/\/lisettevandesandt.com\/wp-content\/uploads\/2025\/06\/Yvonne-Ziesemer-1.jpg 1024w, https:\/\/lisettevandesandt.com\/wp-content\/uploads\/2025\/06\/Yvonne-Ziesemer-1-300x300.jpg 300w, https:\/\/lisettevandesandt.com\/wp-content\/uploads\/2025\/06\/Yvonne-Ziesemer-1-150x150.jpg 150w, https:\/\/lisettevandesandt.com\/wp-content\/uploads\/2025\/06\/Yvonne-Ziesemer-1-768x768.jpg 768w, https:\/\/lisettevandesandt.com\/wp-content\/uploads\/2025\/06\/Yvonne-Ziesemer-1-440x440.jpg 440w, https:\/\/lisettevandesandt.com\/wp-content\/uploads\/2025\/06\/Yvonne-Ziesemer-1-610x610.jpg 610w\" sizes=\"(max-width: 1024px) 100vw, 1024px\" \/>\t\t\t\t\t\t<\/div>\n\t\t\t\t\t\n\t\t\t\t\t\t\t\t\t\t<div class=\"elementor-testimonial-details\">\n\t\t\t\t\t\t\t\t\t\t\t\t\t\t<div class=\"elementor-testimonial-name\">Yvonne Ziesemer <\/div>\n\t\t\t\t\t\t\t\t\t\t\t\t\t\t\t\t\t\t\t\t\t\t<div class=\"elementor-testimonial-job\">VP Revenue Management and Commercial Excellence | Flix SE<\/div>\n\t\t\t\t\t\t\t\t\t\t\t\t\t<\/div>\n\t\t\t\t\t\t\t\t\t<\/div>\n\t\t\t<\/div>\n\t\t\t\t\t<\/div>\n\t\t\t\t\t\t<\/div>\n\t\t\t\t<\/div>\n\t\t\t\t\t<\/div>\n\t\t\t\t<\/div>\n\t\t<div class=\"elementor-element elementor-element-0b0e138 e-flex e-con-boxed e-con e-parent\" data-id=\"0b0e138\" data-element_type=\"container\" data-e-type=\"container\">\n\t\t\t\t\t<div class=\"e-con-inner\">\n\t\t\t\t<div class=\"elementor-element elementor-element-6fac3fc elementor-widget elementor-widget-testimonial\" data-id=\"6fac3fc\" data-element_type=\"widget\" data-e-type=\"widget\" data-settings=\"{&quot;architecturer_ext_is_mobile_menu&quot;:&quot;false&quot;,&quot;architecturer_ext_is_scrollme&quot;:&quot;false&quot;,&quot;architecturer_ext_is_smoove&quot;:&quot;false&quot;,&quot;architecturer_ext_is_parallax_mouse&quot;:&quot;false&quot;,&quot;architecturer_ext_is_infinite&quot;:&quot;false&quot;,&quot;architecturer_ext_is_fadeout_animation&quot;:&quot;false&quot;}\" data-widget_type=\"testimonial.default\">\n\t\t\t\t<div class=\"elementor-widget-container\">\n\t\t\t\t\t\t\t<div class=\"elementor-testimonial-wrapper\">\n\t\t\t\t\t\t\t<div class=\"elementor-testimonial-content\">F\u00fcr eine gute Zusammenarbeit und Miteinander ist es notwendig, dass jeder erst mal in den Spiegel schaut und sich realisiert, welches Verhalten man aufzeigt und welcher Effekt dies hat auf den anderen Personen. Durch die \u00dcbungen am interaktiven F\u00fchrungskr\u00e4ftewochenende haben wir uns besser realisiert, wie unser Verhalten ist und dass dieses Verhalten die Zusammenarbeit manchmal blockiert, anstatt es zu stimulieren. Vor allem die \u00dcbung, wo wir mit Draht und Nadel unseren Produktionsprozess im Rasen dargestellt haben, gab ein einzigartiger Einblick im derzeitigen Stand der Zusammenarbeit. Nach dem Wochenende haben wir der Prozess der Zusammenarbeit weiterhin Schritt-f\u00fcr-Schritt verbessert. Dabei steht der Kunde an zentraler Stelle, was zum besseren Kundenverst\u00e4ndnis in der gesamten Organisation und letztendlich zu einer h\u00f6heren Kundenzufriedenheit f\u00fchrt.<\/div>\n\t\t\t\n\t\t\t\t\t\t<div class=\"elementor-testimonial-meta elementor-has-image elementor-testimonial-image-position-top\">\n\t\t\t\t<div class=\"elementor-testimonial-meta-inner\">\n\t\t\t\t\t\t\t\t\t\t\t<div class=\"elementor-testimonial-image\">\n\t\t\t\t\t\t\t<img decoding=\"async\" width=\"225\" height=\"225\" src=\"https:\/\/lisettevandesandt.com\/wp-content\/uploads\/2025\/06\/Rob-van-Oene-1.jpg\" class=\"attachment-full size-full wp-image-8685\" alt=\"\" srcset=\"https:\/\/lisettevandesandt.com\/wp-content\/uploads\/2025\/06\/Rob-van-Oene-1.jpg 225w, https:\/\/lisettevandesandt.com\/wp-content\/uploads\/2025\/06\/Rob-van-Oene-1-150x150.jpg 150w\" sizes=\"(max-width: 225px) 100vw, 225px\" \/>\t\t\t\t\t\t<\/div>\n\t\t\t\t\t\n\t\t\t\t\t\t\t\t\t\t<div class=\"elementor-testimonial-details\">\n\t\t\t\t\t\t\t\t\t\t\t\t\t\t<div class=\"elementor-testimonial-name\">Rob van Oene<\/div>\n\t\t\t\t\t\t\t\t\t\t\t\t\t\t\t\t\t\t\t\t\t\t<div class=\"elementor-testimonial-job\">Gesch\u00e4ftsf\u00fchrer | Mifa Aluminium<\/div>\n\t\t\t\t\t\t\t\t\t\t\t\t\t<\/div>\n\t\t\t\t\t\t\t\t\t<\/div>\n\t\t\t<\/div>\n\t\t\t\t\t<\/div>\n\t\t\t\t\t\t<\/div>\n\t\t\t\t<\/div>\n\t\t<div class=\"elementor-element elementor-element-24e31ec e-con-full e-flex e-con e-child\" data-id=\"24e31ec\" data-element_type=\"container\" data-e-type=\"container\">\n\t\t\t\t<\/div>\n\t\t\t\t\t<\/div>\n\t\t\t\t<\/div>\n\t\t<div class=\"elementor-element elementor-element-371bc7e e-flex e-con-boxed e-con e-parent\" data-id=\"371bc7e\" data-element_type=\"container\" data-e-type=\"container\">\n\t\t\t\t\t<div class=\"e-con-inner\">\n\t\t\t\t<div class=\"elementor-element elementor-element-22df829 elementor-widget elementor-widget-testimonial\" data-id=\"22df829\" data-element_type=\"widget\" data-e-type=\"widget\" data-settings=\"{&quot;architecturer_ext_is_mobile_menu&quot;:&quot;false&quot;,&quot;architecturer_ext_is_scrollme&quot;:&quot;false&quot;,&quot;architecturer_ext_is_smoove&quot;:&quot;false&quot;,&quot;architecturer_ext_is_parallax_mouse&quot;:&quot;false&quot;,&quot;architecturer_ext_is_infinite&quot;:&quot;false&quot;,&quot;architecturer_ext_is_fadeout_animation&quot;:&quot;false&quot;}\" data-widget_type=\"testimonial.default\">\n\t\t\t\t<div class=\"elementor-widget-container\">\n\t\t\t\t\t\t\t<div class=\"elementor-testimonial-wrapper\">\n\t\t\t\t\t\t\t<div class=\"elementor-testimonial-content\">Wir haben den Workshop zur Entwicklung einer gemeinsamen Vision und zur Verbesserung der Kommunikation, den Lisette f\u00fcr unsere Mitarbeiter an der WUR durchgef\u00fchrt hat, sehr gesch\u00e4tzt. Es war wirklich ansprechend, wie von uns gew\u00fcnscht, und wurde von allen Mitarbeitern sehr gesch\u00e4tzt. Es hat uns dazu gebracht, \u00fcber gemeinsame Richtungen nachzudenken und uns auf klare Ma\u00dfnahmen zur F\u00f6rderung positiver Ver\u00e4nderungen zu konzentrieren. Lisettes Wissen und ihre Intervention bei der Steuerung der Diskussion haben das gesamte Gespr\u00e4ch effektiver und ehrlicher gemacht.<\/div>\n\t\t\t\n\t\t\t\t\t\t<div class=\"elementor-testimonial-meta elementor-has-image elementor-testimonial-image-position-top\">\n\t\t\t\t<div class=\"elementor-testimonial-meta-inner\">\n\t\t\t\t\t\t\t\t\t\t\t<div class=\"elementor-testimonial-image\">\n\t\t\t\t\t\t\t<img loading=\"lazy\" decoding=\"async\" width=\"275\" height=\"183\" src=\"https:\/\/lisettevandesandt.com\/wp-content\/uploads\/2025\/06\/Prof.Dr_.-Maria-Suarez-Diez-1.jpeg\" class=\"attachment-full size-full wp-image-8688\" alt=\"\" \/>\t\t\t\t\t\t<\/div>\n\t\t\t\t\t\n\t\t\t\t\t\t\t\t\t\t<div class=\"elementor-testimonial-details\">\n\t\t\t\t\t\t\t\t\t\t\t\t\t\t<div class=\"elementor-testimonial-name\">Prof. Dr. Maria Suarez-Diez<\/div>\n\t\t\t\t\t\t\t\t\t\t\t\t\t\t\t\t\t\t\t\t\t\t<div class=\"elementor-testimonial-job\">Professor and Chair Holder Systems and Synthetic Biology | Wageningen University &amp; Research<\/div>\n\t\t\t\t\t\t\t\t\t\t\t\t\t<\/div>\n\t\t\t\t\t\t\t\t\t<\/div>\n\t\t\t<\/div>\n\t\t\t\t\t<\/div>\n\t\t\t\t\t\t<\/div>\n\t\t\t\t<\/div>\n\t\t<div class=\"elementor-element elementor-element-b0a394b e-con-full e-flex e-con e-child\" data-id=\"b0a394b\" data-element_type=\"container\" data-e-type=\"container\">\n\t\t\t\t<\/div>\n\t\t\t\t\t<\/div>\n\t\t\t\t<\/div>\n\t\t\t\t<\/div>\n\t\t","protected":false},"excerpt":{"rendered":"<p>So kriegst du alle mit Viele Menschen fragen mich, wie ein Ver\u00e4nderungsprogramm oder ein Workshop aussieht. Im Idealfall finden wir gemeinsam heraus, was zu deiner Organisation passt. Ein Eindruck von meinen liebsten interaktiven Ver\u00e4nderungsworkshops und Trainingsprogrammen, die ich auf Deutsch, [&hellip;]<\/p>\n","protected":false},"author":1,"featured_media":0,"parent":0,"menu_order":0,"comment_status":"closed","ping_status":"closed","template":"","meta":{"_monsterinsights_skip_tracking":false,"_monsterinsights_sitenote_active":false,"_monsterinsights_sitenote_note":"","_monsterinsights_sitenote_category":0,"footnotes":""},"class_list":["post-6579","page","type-page","status-publish","hentry"],"aioseo_notices":[],"_links":{"self":[{"href":"https:\/\/lisettevandesandt.com\/de\/wp-json\/wp\/v2\/pages\/6579","targetHints":{"allow":["GET"]}}],"collection":[{"href":"https:\/\/lisettevandesandt.com\/de\/wp-json\/wp\/v2\/pages"}],"about":[{"href":"https:\/\/lisettevandesandt.com\/de\/wp-json\/wp\/v2\/types\/page"}],"author":[{"embeddable":true,"href":"https:\/\/lisettevandesandt.com\/de\/wp-json\/wp\/v2\/users\/1"}],"replies":[{"embeddable":true,"href":"https:\/\/lisettevandesandt.com\/de\/wp-json\/wp\/v2\/comments?post=6579"}],"version-history":[{"count":34,"href":"https:\/\/lisettevandesandt.com\/de\/wp-json\/wp\/v2\/pages\/6579\/revisions"}],"predecessor-version":[{"id":8769,"href":"https:\/\/lisettevandesandt.com\/de\/wp-json\/wp\/v2\/pages\/6579\/revisions\/8769"}],"wp:attachment":[{"href":"https:\/\/lisettevandesandt.com\/de\/wp-json\/wp\/v2\/media?parent=6579"}],"curies":[{"name":"wp","href":"https:\/\/api.w.org\/{rel}","templated":true}]}}