{"id":6639,"date":"2024-05-30T13:35:15","date_gmt":"2024-05-30T11:35:15","guid":{"rendered":"https:\/\/staging.lisettevandesandt.com\/privacyverklaring\/"},"modified":"2024-07-18T13:59:15","modified_gmt":"2024-07-18T11:59:15","slug":"datenschutzerklaerung","status":"publish","type":"page","link":"https:\/\/lisettevandesandt.com\/de\/datenschutzerklaerung\/","title":{"rendered":"Datenschutzerkl\u00e4rung"},"content":{"rendered":"\t\t<div data-elementor-type=\"wp-page\" data-elementor-id=\"6639\" class=\"elementor elementor-6639 elementor-3\">\n\t\t\t\t<div class=\"elementor-element elementor-element-374aee45 e-flex e-con-boxed e-con e-parent\" data-id=\"374aee45\" data-element_type=\"container\" data-e-type=\"container\">\n\t\t\t\t\t<div class=\"e-con-inner\">\n\t\t\t\t<div class=\"elementor-element elementor-element-335f0458 elementor-widget elementor-widget-text-editor\" data-id=\"335f0458\" data-element_type=\"widget\" data-e-type=\"widget\" data-settings=\"{&quot;architecturer_ext_is_mobile_menu&quot;:&quot;false&quot;,&quot;architecturer_ext_is_scrollme&quot;:&quot;false&quot;,&quot;architecturer_ext_is_smoove&quot;:&quot;false&quot;,&quot;architecturer_ext_is_parallax_mouse&quot;:&quot;false&quot;,&quot;architecturer_ext_is_infinite&quot;:&quot;false&quot;,&quot;architecturer_ext_is_fadeout_animation&quot;:&quot;false&quot;}\" data-widget_type=\"text-editor.default\">\n\t\t\t\t<div class=\"elementor-widget-container\">\n\t\t\t\t\t\t\t\t\t<h1>Datenschutzerkl\u00e4rung<\/h1><h2>\u00a0<\/h2><h2>1. Erl\u00e4uterung zur Datenschutzerkl\u00e4rung<\/h2><p>Lisette van de Sandt darf die von Ihnen zu Verf\u00fcgung gestellten Daten nur unter bestimmten Voraussetzungen verarbeiten. Das Datenschutzrecht (die Datenschutz-Grundverordnung) versucht der Schutz personenbezogener Daten sicherzustellen. Diese Verordnung versucht die zul\u00e4ssige Verwendung von personenbezogenen Daten durch private Unternehmen einzuschr\u00e4nken. Aufgrund dieser Verordnung ist Lisette van de Sandt verpflichtet ihre Kunden:<\/p><ul><li>Zu informieren auf welche Art und Weise und mit welchem Ziel die Daten durch Lisette van de Sandt verarbeitet werden;<\/li><li>Mitzuteilen, wer die Daten einsehen darf;<\/li><li>Zustimmung zu fragen f\u00fcr die Verarbeitung von bestimmten Daten.<\/li><\/ul><p>Lisette van de Sandt sch\u00e4tzt Ihren Datenschutz. In diese Datenschutzerkl\u00e4rung erl\u00e4utert Lisette van de Sandt, wie sie mit Ihren Daten umgehen wird, was das Ziel der Verwendung ist und f\u00fcr welche Datenverarbeitung Lisette van de Sandt Ihre explizite Zustimmung fragen muss.<\/p><h2>\u00a0<\/h2><h2>2. Die von Lisette van de Sandt benutzen Daten und das Ziel der Verarbeitung<\/h2><p>Lisette van de Sandt verarbeitet (m\u00f6glicherweise) Ihre personenbezogenen Daten, wenn Sie Kunde sind oder sein werden von Lisette van de Sandt, Sie sich angemeldet haben f\u00fcr den Newsletter von Lisette van de Sandt oder Sie sich mit dem Kontaktformular mit uns in Verbindung setzen. Lisette van de Sandt sammelt Ihr Name, Ihre Adresse, Ihre Telefonnummer und Ihre E-Mail-Adresse. Diese Daten stellen uns in der Lage:<\/p><ul><li>Die Vereinbarungen zwischen Kunden und Lisette van de Sandt verwalten zu k\u00f6nnen;<\/li><li>Unsere Dienstleistung liefern zu k\u00f6nnen;<\/li><li>Kunden oder Interessenten zu erreichen falls erforderlich ist;<\/li><li>Unsere Dienstleistung weiterentwickeln und optimieren zu k\u00f6nnen;<\/li><li>Ihnen ma\u00dfgeschneiderten Informationen anbieten zu k\u00f6nnen (Direct Marketing).<\/li><\/ul><p>IP-adressen\/cookies<\/p><p>Lisette van de Sandt registriert IP-Adressen von Interessenten und Kunden, die die Webseite besuchen. Diese Informationen stellen uns in der Lage:<\/p><ul><li>zu registrieren, welche Internetseite Sie besuchen;<\/li><li>die Funktionalit\u00e4t und Inhalte der Webseite zu verbessern;<\/li><li>zu registrieren, f\u00fcr welche Themen oder Applikationen sich (potenzielle) Kunden interessieren.<\/li><li>sicherzustellen, dass Sie nicht immer die gleichen Informationen erhalten.<\/li><li>das Produktprogramm zu verbessern.<\/li><\/ul><p>Erl\u00e4uterung zur Platzierung von Cookies<\/p><p>Ein Cookie ist ein kurzes Datenpaket, welches durch eine Internetseite auf (die IP-Adresse) Ihres Computers platziert wird und Informationen zu Ihrem Besuch an der Internetseite von Lisette van de Sandt registriert.<\/p><p>Wenn Sie unsere Internetseite besuchen, werden automatisch Cookies platziert, die uns in der Lage stellen bestimmte Informationen zu registrieren anhand Ihrer IP-Adresse. Es handelt sich hier zum Beispiel um wie oft Sie unsere Webseite besuchen und f\u00fcr welche Themen Sie sich interessieren.<\/p><h2>\u00a0<\/h2><h2>3. \u00dcbermittlung von personenbezogenen Daten an Dritten<\/h2><p>Lisette van de Sandt \u00fcbermittelt keinen personenbezogenen Daten an Personen oder Unternehmen au\u00dferhalb der Lisette van de Sandt-Organisation, au\u00dfer wenn:<\/p><ul><li>eine Rechtsvorschrift dies verpflichtet.<\/li><li>dies notwendig ist f\u00fcr die Ausf\u00fchrung der Vereinbarung, die Sie mit Lisette van de Sandt geschlossen haben.<\/li><li>Sie Zustimmung gegeben haben, so wie zum Beispiel der Fall ist beim Platzieren von Cookies (schauen Sie sich bitte hierzu unsere Cookie-Richtlinie an).<\/li><\/ul><h2>\u00a0<\/h2><h2>4. Pflichten\/gesicherter Zugang\/ Geheimhaltung\/ Aufbewahrungsfrist<\/h2><ul><li>Lisette van de Sandt verarbeitet Ihren personenbezogenen Daten nur das Recht entsprechend. Dies bedeutet (unter anderem), dass die Daten nur f\u00fcr das Ziel wof\u00fcr die Daten zur Verf\u00fcgung gestellt wurden und auf eine ordentliche und sorgf\u00e4ltige Weise verarbeitet werden, damit es das Recht und diese Datenschutzerkl\u00e4rung entspricht.<\/li><li>Ihre personenbezogenen Daten k\u00f6nnen nur durch Angestellten von Lisette van de Sandt eingesehen werden, es sei denn, es w\u00e4re anderweitig definiert in dieser Datenschutzerkl\u00e4rung. Ihren personenbezogenen Daten werden durch Lisette van de Sandt gesichert gegen unbefugten Zugang. Die Sicherung umfasst:<\/li><li>Jeder Angestellte von Lisette van de Sandt ist ein pers\u00f6nliches Passwort, um auf dem digitalen System einzuloggen, zur Verf\u00fcgung gestellt.<\/li><li>Die Angestellten von Lisette van de Sandt haben eine Geheimhaltungspflicht bez\u00fcglich allen an Lisette van de Sandt zur Verf\u00fcgung gestellten personenbezogenen Daten.<\/li><li>Dem Gesetz entsprechend hat Lisette van de Sandt technische Ma\u00dfnahmen ergriffen, um die benutzten Systeme sicherzustellen gegen Einbr\u00fcche.<\/li><li>Ihre pers\u00f6nlichen Daten werden aufbewahrt, solange dies notwendig ist f\u00fcr eine ordentliche Verwaltung. Das Gesetz kann andere Aufbewahrungsfristen vorschreiben. Falls dies der Fall ist, wird Lisette van de Sandt die rechtlichen Aufbewahrungsfristen in Anspruch nehmen.<\/li><\/ul><h2>\u00a0<\/h2><h2>5. Rechte der betroffenen Person<\/h2><ul><li>Auskunftsrecht: das Recht zu wissen, ob Ihren personenbezogene Daten verarbeitet werden und mit welchen Verarbeitungszwecken.<\/li><li>Einsagerecht: das Recht auf Einsage und Auszug der Daten, insofern die Privatsph\u00e4re von anderen damit nicht geschadet wird.<\/li><li>Das Recht auf Berichtigung, Erg\u00e4nzung und L\u00f6schung von Daten, falls dies gew\u00fcnscht ist. Das Recht um Ihre personenbezogenen Daten (teilweise) zu l\u00f6schen, kann nur in Anspruch genommen werden, falls das Aufbewahren der Daten nicht von erheblichem Interesse f\u00fcr anderen ist und die Daten nicht infolge gesetzlicher Richtlinien aufbewahrt werden m\u00fcssen.<\/li><li>Das Widerspruchsrecht: das Recht in bestimmten F\u00e4llen gegen die Verarbeitung Ihren personenbezogenen Daten Widerspruch einzulegen.<\/li><li>Das Recht auf Daten\u00fcbertragbarkeit: das Recht, um Ihre personenbezogenen Daten zu erhalten, um diese einer anderen Organisation zu \u00fcbermitteln.<\/li><li>Das Recht auf menschlichen Blick bei automatisierten Entscheidungen. Bei automatisierten Entscheidungen hat man das Recht eine Entscheidung stattfinden zu lassen durch menschliche Einmischung.<\/li><\/ul><p>Falls Sie Ihre Rechte in Anspruch nehmen wollen, k\u00f6nnen Sie dies schriftlich per E-Mail an <a href=\"mailto:lisette@lisettevandesandt.com\">lisette@lisettevandesandt.com<\/a>melden. Falls Ihren Antrag abgewiesen wird, werden wir Ihnen die Gr\u00fcnde erkl\u00e4ren. Ein Grund k\u00f6nnte sein, dass Ihre Akte Informationen enth\u00e4lt, die die Interessen von Anderen entsprechen\/entsprechen k\u00f6nnten. Sie erhalten innerhalb 48 Stunden nach Erhalt Ihres Antrages eine R\u00fcckmeldung von Lisette van de Sandt.<\/p><p>Falls Sie eine Beschwerde haben zur Art und Weise, wie Ihre personenbezogenen Daten \u00fcberarbeitet werden, stellen Sie sich bitte in Verbindung mit Lisette van de Sandt, um gemeinsam eine L\u00f6sung zu finden.<\/p><p>Haben Sie weitere Anmerkungen\/Fragen\/Empfehlungen? Setzen Sie sich bitte in Verbindung mit Lisette van de Sandt unter <a href=\"mailto:lisette@lisettevandesandt.com\">lisette@lisettevandesandt.com<\/a> oder +31 6 5093 1124.<\/p><p>Selbstverst\u00e4ndlich wird Lisette van de Sandt auch vertraulich und sorgf\u00e4ltig umgehen, mit den in diesen Zusammenhang zur Verf\u00fcgung gestellten personenbezogenen Daten.<\/p><p>Datenschutzerkl\u00e4rung Lisette van de Sandt Version Juni 2018 \u2013 \u00dcbersetzung der niederl\u00e4ndischen Datenschutzerkl\u00e4rung.<\/p><p>Im Falle von Widerspr\u00fcchen zwischen der vorliegenden Datenschutzerkl\u00e4rung und der niederl\u00e4ndischen Datenschutzerkl\u00e4rung geht die niederl\u00e4ndische Version vor.<\/p>\t\t\t\t\t\t\t\t<\/div>\n\t\t\t\t<\/div>\n\t\t\t\t\t<\/div>\n\t\t\t\t<\/div>\n\t\t\t\t<\/div>\n\t\t","protected":false},"excerpt":{"rendered":"<p>Datenschutzerkl\u00e4rung \u00a0 1. Erl\u00e4uterung zur Datenschutzerkl\u00e4rung Lisette van de Sandt darf die von Ihnen zu Verf\u00fcgung gestellten Daten nur unter bestimmten Voraussetzungen verarbeiten. Das Datenschutzrecht (die Datenschutz-Grundverordnung) versucht der Schutz personenbezogener Daten sicherzustellen. Diese Verordnung versucht die zul\u00e4ssige Verwendung von [&hellip;]<\/p>\n","protected":false},"author":1,"featured_media":0,"parent":0,"menu_order":0,"comment_status":"closed","ping_status":"closed","template":"","meta":{"_monsterinsights_skip_tracking":false,"_monsterinsights_sitenote_active":false,"_monsterinsights_sitenote_note":"","_monsterinsights_sitenote_category":0,"footnotes":""},"class_list":["post-6639","page","type-page","status-publish","hentry"],"aioseo_notices":[],"_links":{"self":[{"href":"https:\/\/lisettevandesandt.com\/de\/wp-json\/wp\/v2\/pages\/6639","targetHints":{"allow":["GET"]}}],"collection":[{"href":"https:\/\/lisettevandesandt.com\/de\/wp-json\/wp\/v2\/pages"}],"about":[{"href":"https:\/\/lisettevandesandt.com\/de\/wp-json\/wp\/v2\/types\/page"}],"author":[{"embeddable":true,"href":"https:\/\/lisettevandesandt.com\/de\/wp-json\/wp\/v2\/users\/1"}],"replies":[{"embeddable":true,"href":"https:\/\/lisettevandesandt.com\/de\/wp-json\/wp\/v2\/comments?post=6639"}],"version-history":[{"count":8,"href":"https:\/\/lisettevandesandt.com\/de\/wp-json\/wp\/v2\/pages\/6639\/revisions"}],"predecessor-version":[{"id":6677,"href":"https:\/\/lisettevandesandt.com\/de\/wp-json\/wp\/v2\/pages\/6639\/revisions\/6677"}],"wp:attachment":[{"href":"https:\/\/lisettevandesandt.com\/de\/wp-json\/wp\/v2\/media?parent=6639"}],"curies":[{"name":"wp","href":"https:\/\/api.w.org\/{rel}","templated":true}]}}