{"id":6678,"date":"2024-07-18T13:48:57","date_gmt":"2024-07-18T11:48:57","guid":{"rendered":"https:\/\/staging.lisettevandesandt.com\/agb\/"},"modified":"2024-07-18T14:02:48","modified_gmt":"2024-07-18T12:02:48","slug":"agb","status":"publish","type":"page","link":"https:\/\/lisettevandesandt.com\/de\/agb\/","title":{"rendered":"AGB"},"content":{"rendered":"\t\t<div data-elementor-type=\"wp-page\" data-elementor-id=\"6678\" class=\"elementor elementor-6678 elementor-6650\">\n\t\t\t\t<div class=\"elementor-element elementor-element-374aee45 e-flex e-con-boxed e-con e-parent\" data-id=\"374aee45\" data-element_type=\"container\" data-e-type=\"container\">\n\t\t\t\t\t<div class=\"e-con-inner\">\n\t\t\t\t<div class=\"elementor-element elementor-element-335f0458 elementor-widget elementor-widget-text-editor\" data-id=\"335f0458\" data-element_type=\"widget\" data-e-type=\"widget\" data-settings=\"{&quot;architecturer_ext_is_mobile_menu&quot;:&quot;false&quot;,&quot;architecturer_ext_is_scrollme&quot;:&quot;false&quot;,&quot;architecturer_ext_is_smoove&quot;:&quot;false&quot;,&quot;architecturer_ext_is_parallax_mouse&quot;:&quot;false&quot;,&quot;architecturer_ext_is_infinite&quot;:&quot;false&quot;,&quot;architecturer_ext_is_fadeout_animation&quot;:&quot;false&quot;}\" data-widget_type=\"text-editor.default\">\n\t\t\t\t<div class=\"elementor-widget-container\">\n\t\t\t\t\t\t\t\t\t<h1>AGB<\/h1><p>Allgemeine Gesch\u00e4ftsbedingungen von Lisette van de Sandt mit Sitz an der Anschrift Herungerweg\u00a0177, NL-5913 HA in Venlo, eingetragen in das niederl\u00e4ndische Handelsregister unter der Nummer\u00a065668502.<\/p><p>\u00a0<\/p><h2>Artikel 1 Geltungsbereich der Allgemeinen Gesch\u00e4ftsbedingungen<\/h2><ol><li>Diese Allgemeinen Gesch\u00e4ftsbedingungen finden auf jedes Angebot, jede Offerte und jeden Vertrag zwischen Lisette van de Sandt und dem Auftraggeber Anwendung, soweit von diesen Bedingungen nicht ausdr\u00fccklich und schriftlich von den Vertragsparteien abgewichen wurde.<\/li><li>Die Anwendbarkeit eventueller Einkaufsbedingungen oder anderer allgemeiner Gesch\u00e4ftsbedingungen des Auftraggebers wird ausdr\u00fccklich ausgeschlossen. Abweichungen vom Vertrag und von den Allgemeinen Gesch\u00e4ftsbedingungen sind nur g\u00fcltig, sofern diese Abweichungen schriftlich und ausdr\u00fccklich mit Lisette van de Sandt vereinbart wurden.<\/li><li>Sofern sich herausstellt, dass eine oder mehrere Bestimmung(en) dieser Allgemeinen Gesch\u00e4ftsbedingungen nichtig oder anfechtbar sind, bleiben die \u00fcbrigen Bestimmungen der Allgemeinen Gesch\u00e4ftsbedingungen in Kraft.<\/li><\/ol><p>\u00a0<\/p><h2>Artikel 2 Angebote und\/oder Offerten<\/h2><ol><li>Angebote und\/oder Offerten werden schriftlich und\/oder elektronisch abgegeben, es sei denn, dies ist aufgrund dringender Umst\u00e4nde nicht m\u00f6glich, und sie gelten f\u00fcr die im Angebot und\/oder der Offerte angegebenen Dauer.<\/li><li>Lisette van de Sandt kann nicht an ihre Angebote und\/oder Offerten gebunden werden, falls der Auftraggeber nach den Ma\u00dfst\u00e4ben von Redlichkeit und Billigkeit und nach den im gesellschaftlichen Umgang \u00fcblichen Auffassungen vermuten musste, dass das Angebot und\/oder die Offerte bzw. ein Teil davon einen offensichtlichen Irrtum oder Schreibfehler enth\u00e4lt\/enthalten.<\/li><li>Falls die Annahme (auch in unwesentlichen Punkten) vom im Angebot und\/oder in der Offerte aufgef\u00fchrten Angebot abweicht, ist diese f\u00fcr Lisette van de Sandt nicht verbindlich. Der Vertrag kommt dann nicht gem\u00e4\u00df dieser abweichenden Annahme zu Stande, es sei denn, Lisette van de Sandt gibt etwas anderes an.<\/li><\/ol><p>\u00a0<\/p><h2>Artikel 3 Vertragslaufzeit und -k\u00fcndigung<\/h2><ol><li>Der Vertrag kommt durch fristgerechte Annahme des Angebots und\/oder der Offerte von Lisette van de Sandt durch den Auftraggeber zustande. Der Vertrag wird f\u00fcr unbestimmte Zeit geschlossen, sofern sich nicht aus der Art des Vertrags etwas anderes ergibt oder die Vertragsparteien ausdr\u00fccklich und schriftlich etwas anderes vereinbart haben.<\/li><li>Sowohl Lisette van de Sandt als auch der Auftraggeber k\u00f6nnen den Vertrag jederzeit mit sofortiger Wirkung k\u00fcndigen. S\u00e4mtliche bis zur K\u00fcndigung entstandenen Kosten gehen auf Rechnung des Auftraggebers.<\/li><\/ol><p>\u00a0<\/p><h2>Artikel 4 Vertragserf\u00fcllung<\/h2><ol><li>Lisette van de Sandt erf\u00fcllt den Auftrag nach besten Erkenntnissen und F\u00e4higkeiten sowie in \u00dcbereinstimmung mit den Anforderungen guter Facharbeit.<\/li><li>Lisette van de Sandt ist berechtigt, bestimmte T\u00e4tigkeiten von Dritten verrichten zu lassen. Die Anwendbarkeit der Artikel\u00a07:404, 7:407 Absatz\u00a02 und 7:409 des niederl\u00e4ndischen B\u00fcrgerlichen Gesetzbuchs (<em>Burgerlijk Wetboek<\/em>) wird ausdr\u00fccklich ausgeschlossen.<\/li><li>Der Auftraggeber stellt Lisette van de Sandt rechtzeitig s\u00e4mtliche Angaben oder Anweisungen zur Verf\u00fcgung, die zur Erf\u00fcllung des Vertrags erforderlich sind oder von denen der Auftraggeber billigerma\u00dfen vermuten muss, dass diese zur Erf\u00fcllung des Vertrags erforderlich sind.<\/li><\/ol><p>\u00a0<\/p><h2>Artikel 5 Verg\u00fctung<\/h2><ol><li>Sofern nicht anders angegeben, verstehen sich Verg\u00fctungen und\/oder Tarife zuz\u00fcglich Umsatzsteuer und sonstiger gesetzlicher Abgaben.<\/li><li>Sofern nicht anders angegeben, verstehen sich Verg\u00fctungen zuz\u00fcglich Fahrt-, Aufenthalts-, Verpackungs-, Versand- und Bearbeitungskosten.<\/li><li>Falls nicht ausdr\u00fccklich eine Verg\u00fctung und\/oder ein Tarif vereinbart wurde(n), wird\/werden die Verg\u00fctung und\/oder der Tarif auf Grundlage der tats\u00e4chlich aufgewendeten Stunden und der bei Lisette van de Sandt \u00fcblichen Stundens\u00e4tze berechnet.<\/li><li>\u00dcber s\u00e4mtliche zus\u00e4tzlichen Kosten setzt Lisette van de Sandt den Auftraggeber rechtzeitig vor Vertragsschluss in Kenntnis, bzw. Lisette van de Sandt stellt dem Auftraggeber Angaben zur Verf\u00fcgung, auf Grundlage derer der Auftraggeber diese zus\u00e4tzlichen Kosten berechnen kann.<\/li><\/ol><p>\u00a0<\/p><h2>Artikel 6 Fristen zur Ausf\u00fchrung von Arbeiten<\/h2><ol><li>Falls f\u00fcr die Ausf\u00fchrung bestimmter Arbeiten eine Frist vereinbart oder angegeben wurde, ist diese Frist lediglich als Ungef\u00e4hrangabe und niemals als Endfrist anzusehen.<\/li><li>Falls Lisette van de Sandt Angaben oder Anweisungen vom Auftraggeber zur Vertragserf\u00fcllung ben\u00f6tigt, beginnt die Frist zur Ausf\u00fchrung der Arbeiten, nachdem der Auftraggeber Lisette van de Sandt die betreffenden Angaben oder Anweisungen zur Verf\u00fcgung gestellt hat.<\/li><\/ol><p>\u00a0<\/p><h2>Artikel 7 Zahlungsbedingungen<\/h2><ol><li>Sofern nicht anders angegeben, erfolgen Zahlungen per \u00dcberweisung auf ein von Lisette van de Sandt angegebenes Bankkonto. Zahlungen k\u00f6nnen sowohl im Voraus als auch im Nachhinein geleistet werden. Der Auftraggeber hat 30\u00a0% der Verg\u00fctung bei Annahme der Offerte, 30\u00a0% nach Abschluss der H\u00e4lfte des Projekts und 40\u00a0% nach Abschluss des Projekts zu leisten.<\/li><li>Bei Zahlung im Nachhinein hat diese, sofern nicht anders angegeben, innerhalb von 30\u00a0Tagen nach dem Rechnungsdatum in einer von Lisette van de Sandt anzugebenden Weise in der auf der Rechnung angegebenen W\u00e4hrung zu erfolgen.<\/li><li>Der Auftraggeber ist nicht berechtigt, vom geschuldeten Betrag eine von ihm gestellte Gegenforderung in Abzug zu bringen. Beschwerden \u00fcber die H\u00f6he der Rechnung setzen die Zahlungsverpflichtung nicht aus.<\/li><li>Nach Verstreichen von 30\u00a0Tagen ab dem Rechnungsdatum ger\u00e4t der Auftraggeber ohne Notwendigkeit der Inverzugsetzung von Rechts wegen in Verzug. Der Auftraggeber schuldet ab dem Zeitpunkt, an dem er in Verzug ger\u00e4t, \u00fcber den geschuldeten Betrag Zinsen in H\u00f6he von 2\u00a0% pro Monat bzw. den etwaigen h\u00f6heren gesetzlichen Zinsbetrag.<\/li><li>Im Falle der Insolvenz, eines Zahlungsaufschubs oder der Bestellung eines Verwalters sind die Forderungen von Lisette van de Sandt sowie die Verpflichtungen des Auftraggebers gegen\u00fcber Lisette van de Sandt sofort f\u00e4llig.<\/li><\/ol><p>\u00a0<\/p><h2>Artikel 8 Aussetzung und R\u00fcckg\u00e4ngigmachung des Vertrags<\/h2><ol><li>Falls der Auftraggeber eine Verpflichtung aus dem Vertrag nicht, nicht vollst\u00e4ndig, nicht fristgerecht oder nicht ordnungsgem\u00e4\u00df erf\u00fcllt, ist Lisette van de Sandt berechtigt, die Erf\u00fcllung ihrer Verpflichtungen aufzuschieben und\/oder den Vertrag mit sofortiger Wirkung r\u00fcckg\u00e4ngig zu machen. Ferner ist Lisette van de Sandt berechtigt, die Erf\u00fcllung ihrer Verpflichtungen aufzuschieben und\/oder den Vertrag mit sofortiger Wirkung r\u00fcckg\u00e4ngig zu machen, falls:<ul><li>Lisette van de Sandt nach Vertragsschluss Umst\u00e4nde zur Kenntnis gelangen, die begr\u00fcndeten Anlass zu der Bef\u00fcrchtung geben, dass der Auftraggeber seine Zahlungsverpflichtungen nicht erf\u00fcllen wird;<\/li><li>der Auftraggeber einen Zahlungsr\u00fcckstand von mehr als zwei Monaten hat;<\/li><li>der Auftraggeber f\u00fcr insolvent erkl\u00e4rt wird, einen Antrag auf Zahlungsaufschub stellt, die Anwendung des niederl\u00e4ndischen Gesetzes \u00fcber die Schuldenbereinigung bei nat\u00fcrlichen Personen (<em>Wet Schuldsanering Natuurlijke Personen<\/em>) beantragt oder sein Eigentum beschlagnahmt wird.<\/li><\/ul><\/li><li>Die R\u00fcckg\u00e4ngigmachung des Vertrags erfolgt schriftlich und ohne Anrufung eines Gerichts. Wenn der Vertrag r\u00fcckg\u00e4ngig gemacht wird, sind die Forderungen von Lisette van de Sandt gegen den Auftraggeber sofort f\u00e4llig.<\/li><li>In F\u00e4llen h\u00f6herer Gewalt hat Lisette van de Sandt Nichterf\u00fcllung nicht zu vertreten.<\/li><\/ol><p>\u00a0<\/p><h2>Artikel 9 Garantien und Pr\u00fcfung<\/h2><ol><li>Mit dem Vertrag zwischen Lisette van de Sandt und dem Auftraggeber wird eine Anstrengung, nicht aber ein Ergebnis geschuldet. Lisette van de Sandt garantiert dementsprechend, dass die von ihr ausgef\u00fchrten Arbeiten vertragsgem\u00e4\u00df sind und ordnungsgem\u00e4\u00df ausgef\u00fchrt werden.<\/li><li>Der Auftraggeber ist verpflichtet, die Arbeiten bei Ausf\u00fchrung, in jedem Fall jedoch innerhalb von sieben (7) Tagen nach Ausf\u00fchrung zu pr\u00fcfen. Dabei hat der Auftraggeber zu pr\u00fcfen, ob Qualit\u00e4t und Quantit\u00e4t der ausgef\u00fchrten Arbeiten vertragsgem\u00e4\u00df sind oder jedenfalls den diesbez\u00fcglich im normalen Handelsverkehr geltenden Anforderungen entsprechen.<\/li><\/ol><p>\u00a0<\/p><h2>Artikel\u00a010 Haftung<\/h2><ol><li>Die Ausf\u00fchrung des Auftrags erfolgt ausschlie\u00dflich auf Gefahr und Verantwortung des Auftraggebers. Lisette van de Sandt haftet ausschlie\u00dflich f\u00fcr direkte Sch\u00e4den, die auf grobe Fahrl\u00e4ssigkeit oder Vorsatz zur\u00fcckzuf\u00fchren sind.<\/li><li>Lisette van de Sandt haftet in keinem Fall f\u00fcr indirekte Sch\u00e4den, darin eingeschlossen in jedem Fall Folgesch\u00e4den, entgangener Gewinn, entgangene Einsparungen, Betriebsstillstand oder immaterielle Sch\u00e4den des Auftraggebers.<\/li><li>Lisette van de Sandt haftet nicht f\u00fcr Sch\u00e4den, gleichg\u00fcltig welcher Art, die darauf zur\u00fcckzuf\u00fchren sind, dass Lisette van de Sandt von den vom Auftraggeber erteilten unrichtigen und\/oder unvollst\u00e4ndigen Angaben ausgegangen ist, es sei denn, dass diese Unrichtigkeit oder Unvollst\u00e4ndigkeit f\u00fcr Lisette van de Sandt offensichtlich h\u00e4tte sein m\u00fcssen.<\/li><li>Im Haftungsfall ist die Haftung von Lisette van de Sandt beschr\u00e4nkt auf h\u00f6chstens ein (1) Mal den in der Rechnung angegebenen Betrag oder auf den Betrag, der von der von Lisette van de Sandt abgeschlossenen Versicherung gedeckt ist, zuz\u00fcglich des Eigenanteils, den Lisette van de Sandt gem\u00e4\u00df der abgeschlossenen Versicherung tr\u00e4gt.<\/li><li>Der Auftraggeber hat Lisette van de Sandt den Schaden, f\u00fcr den Lisette van de Sandt haftbar gemacht werden kann, schnellstm\u00f6glich, jedoch sp\u00e4testens innerhalb von zehn (10) Tagen ab Entstehen des Schadens zu melden, andernfalls verf\u00e4llt m\u00f6glicherweise jedweder Anspruch auf Schadenersatz.<\/li><li>Haftungsanspr\u00fcche gegen Lisette van de Sandt verfallen innerhalb eines (1) Jahres, nachdem dem Auftraggeber das sch\u00e4digende Ereignis bekannt geworden ist bzw. ihm dieses Ereignis billigerma\u00dfen h\u00e4tte bekannt werden k\u00f6nnen.<\/li><\/ol><p>\u00a0<\/p><h2>Artikel 11 Haftungsfreistellung und Verj\u00e4hrung<\/h2><ol><li>Der Auftraggeber stellt Lisette van de Sandt von der Haftung f\u00fcr m\u00f6gliche Anspr\u00fcche Dritter frei, die im Zusammenhang mit der Vertragserf\u00fcllung vom Auftraggeber zu vertretende Sch\u00e4den erleiden.<\/li><li>Falls Lisette van de Sandt aufgrund dessen von Dritten haftbar gemacht wird, ist der Auftraggeber verpflichtet, Lisette van de Sandt sowohl vor Gericht als auch au\u00dfergerichtlich beizustehen. S\u00e4mtliche Kosten und Sch\u00e4den, die Lisette van de Sandt und Dritte erleiden, sind f\u00fcr Rechnung und Gefahr des Auftraggebers.<\/li><li>F\u00fcr s\u00e4mtliche Forderungen gegen\u00fcber Lisette van de Sandt und dem von Lisette van de Sandt (eventuell) eingeschalteten Dritten gilt in Abweichung von der gesetzlichen Verj\u00e4hrungsfrist eine Verj\u00e4hrungsfrist von einem (1) Jahr.<\/li><\/ol><p>\u00a0<\/p><h2>Artikel 12 Anwendbares Recht und Rechtsstreitigkeiten<\/h2><ol><li>Auf s\u00e4mtliche Rechtsbeziehungen, bei denen Lisette van de Sandt Partei ist, findet ausschlie\u00dflich niederl\u00e4ndisches Recht Anwendung. Die Anwendbarkeit des UN-Kaufrechts wird ausgeschlossen.<\/li><li>Sofern das Gesetz nicht zwingend etwas anderes vorschreibt, sind Rechtsstreitigkeiten zwischen Lisette van de Sandt und dem Auftraggeber ausschlie\u00dflich dem zust\u00e4ndigen Gericht im Gerichtsbezirk Limburg (Niederlande) vorzulegen.<\/li><\/ol><p>Diese Allgemeine Gesch\u00e4ftsbedingungen sind eine \u00dcbersetzung der niederl\u00e4ndischen Allgemeinen Gesch\u00e4ftsbedingungen. Im Falle von Widerspr\u00fcchen zwischen den vorliegenden Allgemeinen Bedingungen und den niederl\u00e4ndischen Allgemeinen Gesch\u00e4ftsbedingungen, gehen die niederl\u00e4ndischen Allgemeinen Gesch\u00e4ftsbedingungen vor.<\/p><p>Hinterlegt bei der niederl\u00e4ndischen Handelskammer am 02.02.2018.<\/p>\t\t\t\t\t\t\t\t<\/div>\n\t\t\t\t<\/div>\n\t\t\t\t\t<\/div>\n\t\t\t\t<\/div>\n\t\t\t\t<\/div>\n\t\t","protected":false},"excerpt":{"rendered":"<p>AGB Allgemeine Gesch\u00e4ftsbedingungen von Lisette van de Sandt mit Sitz an der Anschrift Herungerweg\u00a0177, NL-5913 HA in Venlo, eingetragen in das niederl\u00e4ndische Handelsregister unter der Nummer\u00a065668502. \u00a0 Artikel 1 Geltungsbereich der Allgemeinen Gesch\u00e4ftsbedingungen Diese Allgemeinen Gesch\u00e4ftsbedingungen finden auf jedes Angebot, [&hellip;]<\/p>\n","protected":false},"author":1,"featured_media":0,"parent":0,"menu_order":0,"comment_status":"closed","ping_status":"closed","template":"","meta":{"_monsterinsights_skip_tracking":false,"_monsterinsights_sitenote_active":false,"_monsterinsights_sitenote_note":"","_monsterinsights_sitenote_category":0,"footnotes":""},"class_list":["post-6678","page","type-page","status-publish","hentry"],"aioseo_notices":[],"_links":{"self":[{"href":"https:\/\/lisettevandesandt.com\/de\/wp-json\/wp\/v2\/pages\/6678","targetHints":{"allow":["GET"]}}],"collection":[{"href":"https:\/\/lisettevandesandt.com\/de\/wp-json\/wp\/v2\/pages"}],"about":[{"href":"https:\/\/lisettevandesandt.com\/de\/wp-json\/wp\/v2\/types\/page"}],"author":[{"embeddable":true,"href":"https:\/\/lisettevandesandt.com\/de\/wp-json\/wp\/v2\/users\/1"}],"replies":[{"embeddable":true,"href":"https:\/\/lisettevandesandt.com\/de\/wp-json\/wp\/v2\/comments?post=6678"}],"version-history":[{"count":4,"href":"https:\/\/lisettevandesandt.com\/de\/wp-json\/wp\/v2\/pages\/6678\/revisions"}],"predecessor-version":[{"id":6682,"href":"https:\/\/lisettevandesandt.com\/de\/wp-json\/wp\/v2\/pages\/6678\/revisions\/6682"}],"wp:attachment":[{"href":"https:\/\/lisettevandesandt.com\/de\/wp-json\/wp\/v2\/media?parent=6678"}],"curies":[{"name":"wp","href":"https:\/\/api.w.org\/{rel}","templated":true}]}}