{"id":7111,"date":"2024-08-19T15:46:10","date_gmt":"2024-08-19T13:46:10","guid":{"rendered":"https:\/\/staging.lisettevandesandt.com\/fuehrung\/kommuniziere-und-verhandele-geschickt\/"},"modified":"2024-08-26T09:36:49","modified_gmt":"2024-08-26T07:36:49","slug":"kommuniziere-und-verhandele-geschickt","status":"publish","type":"page","link":"https:\/\/lisettevandesandt.com\/de\/fuehrungskraefteentwicklung\/kommuniziere-und-verhandele-geschickt\/","title":{"rendered":"Kommuniziere und verhandele geschickt"},"content":{"rendered":"\t\t<div data-elementor-type=\"wp-page\" data-elementor-id=\"7111\" class=\"elementor elementor-7111 elementor-7092\">\n\t\t\t\t\t\t<section class=\"elementor-section elementor-top-section elementor-element elementor-element-4b75b407 elementor-section-stretched elementor-section-content-middle elementor-section-boxed elementor-section-height-default elementor-section-height-default\" data-id=\"4b75b407\" data-element_type=\"section\" data-e-type=\"section\" data-settings=\"{&quot;stretch_section&quot;:&quot;section-stretched&quot;,&quot;architecturer_ext_is_background_parallax&quot;:&quot;false&quot;,&quot;architecturer_ext_is_background_on_scroll&quot;:&quot;false&quot;}\">\n\t\t\t\t\t\t<div class=\"elementor-container elementor-column-gap-no\">\n\t\t\t\t\t<div class=\"elementor-column elementor-col-50 elementor-top-column elementor-element elementor-element-69211187\" data-id=\"69211187\" data-element_type=\"column\" data-e-type=\"column\" data-settings=\"{&quot;background_background&quot;:&quot;classic&quot;,&quot;architecturer_ext_is_mobile_menu&quot;:&quot;false&quot;,&quot;architecturer_ext_is_scrollme&quot;:&quot;false&quot;,&quot;architecturer_ext_is_smoove&quot;:&quot;false&quot;,&quot;architecturer_ext_is_parallax_mouse&quot;:&quot;false&quot;,&quot;architecturer_ext_is_infinite&quot;:&quot;false&quot;,&quot;architecturer_ext_is_fadeout_animation&quot;:&quot;false&quot;}\">\n\t\t\t<div class=\"elementor-widget-wrap elementor-element-populated\">\n\t\t\t\t\t\t<div class=\"elementor-element elementor-element-3dd97132 elementor-widget elementor-widget-image\" data-id=\"3dd97132\" data-element_type=\"widget\" data-e-type=\"widget\" data-settings=\"{&quot;architecturer_image_is_animation&quot;:&quot;false&quot;,&quot;architecturer_ext_is_mobile_menu&quot;:&quot;false&quot;,&quot;architecturer_ext_is_scrollme&quot;:&quot;false&quot;,&quot;architecturer_ext_is_smoove&quot;:&quot;false&quot;,&quot;architecturer_ext_is_parallax_mouse&quot;:&quot;false&quot;,&quot;architecturer_ext_is_infinite&quot;:&quot;false&quot;,&quot;architecturer_ext_is_fadeout_animation&quot;:&quot;false&quot;}\" data-widget_type=\"image.default\">\n\t\t\t\t<div class=\"elementor-widget-container\">\n\t\t\t\t\t\t\t\t\t\t\t\t\t\t\t<img fetchpriority=\"high\" decoding=\"async\" width=\"2560\" height=\"1920\" src=\"https:\/\/lisettevandesandt.com\/wp-content\/uploads\/2024\/07\/Supercommunicator-scaled.jpg\" class=\"attachment-full size-full wp-image-6355\" alt=\"\" srcset=\"https:\/\/lisettevandesandt.com\/wp-content\/uploads\/2024\/07\/Supercommunicator-scaled.jpg 2560w, https:\/\/lisettevandesandt.com\/wp-content\/uploads\/2024\/07\/Supercommunicator-300x225.jpg 300w, https:\/\/lisettevandesandt.com\/wp-content\/uploads\/2024\/07\/Supercommunicator-1024x768.jpg 1024w, https:\/\/lisettevandesandt.com\/wp-content\/uploads\/2024\/07\/Supercommunicator-768x576.jpg 768w, https:\/\/lisettevandesandt.com\/wp-content\/uploads\/2024\/07\/Supercommunicator-1536x1152.jpg 1536w, https:\/\/lisettevandesandt.com\/wp-content\/uploads\/2024\/07\/Supercommunicator-2048x1536.jpg 2048w, https:\/\/lisettevandesandt.com\/wp-content\/uploads\/2024\/07\/Supercommunicator-440x330.jpg 440w, https:\/\/lisettevandesandt.com\/wp-content\/uploads\/2024\/07\/Supercommunicator-600x450.jpg 600w\" sizes=\"(max-width: 2560px) 100vw, 2560px\" \/>\t\t\t\t\t\t\t\t\t\t\t\t\t\t\t<\/div>\n\t\t\t\t<\/div>\n\t\t\t\t\t<\/div>\n\t\t<\/div>\n\t\t\t\t<div class=\"elementor-column elementor-col-50 elementor-top-column elementor-element elementor-element-3fbe0a64\" data-id=\"3fbe0a64\" data-element_type=\"column\" data-e-type=\"column\" data-settings=\"{&quot;architecturer_ext_is_mobile_menu&quot;:&quot;false&quot;,&quot;architecturer_ext_is_scrollme&quot;:&quot;false&quot;,&quot;architecturer_ext_is_smoove&quot;:&quot;false&quot;,&quot;architecturer_ext_is_parallax_mouse&quot;:&quot;false&quot;,&quot;architecturer_ext_is_infinite&quot;:&quot;false&quot;,&quot;architecturer_ext_is_fadeout_animation&quot;:&quot;false&quot;}\">\n\t\t\t<div class=\"elementor-widget-wrap elementor-element-populated\">\n\t\t\t\t\t\t<div class=\"elementor-element elementor-element-62c9dae5 elementor-widget elementor-widget-text-editor\" data-id=\"62c9dae5\" data-element_type=\"widget\" data-e-type=\"widget\" data-settings=\"{&quot;architecturer_ext_is_mobile_menu&quot;:&quot;false&quot;,&quot;architecturer_ext_is_scrollme&quot;:&quot;false&quot;,&quot;architecturer_ext_is_smoove&quot;:&quot;false&quot;,&quot;architecturer_ext_is_parallax_mouse&quot;:&quot;false&quot;,&quot;architecturer_ext_is_infinite&quot;:&quot;false&quot;,&quot;architecturer_ext_is_fadeout_animation&quot;:&quot;false&quot;}\" data-widget_type=\"text-editor.default\">\n\t\t\t\t<div class=\"elementor-widget-container\">\n\t\t\t\t\t\t\t\t\t<p>Werde zu einem Superkommunikator!<\/p>\n\t\t\t\t\t\t\t\t<\/div>\n\t\t\t\t<\/div>\n\t\t\t\t<div class=\"elementor-element elementor-element-aadfd5b elementor-widget elementor-widget-heading\" data-id=\"aadfd5b\" data-element_type=\"widget\" data-e-type=\"widget\" data-settings=\"{&quot;architecturer_ext_is_mobile_menu&quot;:&quot;false&quot;,&quot;architecturer_ext_is_scrollme&quot;:&quot;false&quot;,&quot;architecturer_ext_is_smoove&quot;:&quot;false&quot;,&quot;architecturer_ext_is_parallax_mouse&quot;:&quot;false&quot;,&quot;architecturer_ext_is_infinite&quot;:&quot;false&quot;,&quot;architecturer_ext_is_fadeout_animation&quot;:&quot;false&quot;}\" data-widget_type=\"heading.default\">\n\t\t\t\t<div class=\"elementor-widget-container\">\n\t\t\t\t\t<h1 class=\"elementor-heading-title elementor-size-default\">Kommuniziere und verhandele geschickt<\/h1>\t\t\t\t<\/div>\n\t\t\t\t<\/div>\n\t\t\t\t\t<\/div>\n\t\t<\/div>\n\t\t\t\t\t<\/div>\n\t\t<\/section>\n\t\t\t\t<section class=\"elementor-section elementor-top-section elementor-element elementor-element-70b748a6 elementor-section-boxed elementor-section-height-default elementor-section-height-default\" data-id=\"70b748a6\" data-element_type=\"section\" data-e-type=\"section\" data-settings=\"{&quot;architecturer_ext_is_background_parallax&quot;:&quot;false&quot;,&quot;architecturer_ext_is_background_on_scroll&quot;:&quot;false&quot;}\">\n\t\t\t\t\t\t<div class=\"elementor-container elementor-column-gap-no\">\n\t\t\t\t\t<div class=\"elementor-column elementor-col-50 elementor-top-column elementor-element elementor-element-519ce47f\" data-id=\"519ce47f\" data-element_type=\"column\" data-e-type=\"column\" data-settings=\"{&quot;architecturer_ext_is_mobile_menu&quot;:&quot;false&quot;,&quot;architecturer_ext_is_scrollme&quot;:&quot;false&quot;,&quot;architecturer_ext_is_smoove&quot;:&quot;false&quot;,&quot;architecturer_ext_is_parallax_mouse&quot;:&quot;false&quot;,&quot;architecturer_ext_is_infinite&quot;:&quot;false&quot;,&quot;architecturer_ext_is_fadeout_animation&quot;:&quot;false&quot;}\">\n\t\t\t<div class=\"elementor-widget-wrap elementor-element-populated\">\n\t\t\t\t\t\t<div class=\"elementor-element elementor-element-131c1463 elementor-widget elementor-widget-text-editor\" data-id=\"131c1463\" data-element_type=\"widget\" data-e-type=\"widget\" data-settings=\"{&quot;architecturer_ext_is_mobile_menu&quot;:&quot;false&quot;,&quot;architecturer_ext_is_scrollme&quot;:&quot;false&quot;,&quot;architecturer_ext_is_smoove&quot;:&quot;false&quot;,&quot;architecturer_ext_is_parallax_mouse&quot;:&quot;false&quot;,&quot;architecturer_ext_is_infinite&quot;:&quot;false&quot;,&quot;architecturer_ext_is_fadeout_animation&quot;:&quot;false&quot;}\" data-widget_type=\"text-editor.default\">\n\t\t\t\t<div class=\"elementor-widget-container\">\n\t\t\t\t\t\t\t\t\t<p>Werde zu einem Superkommunikator, der Kollegen und Kunden das Gef\u00fchl gibt, geh\u00f6rt zu werden und der Ergebnisse erzielt.<\/p>\n\t\t\t\t\t\t\t\t<\/div>\n\t\t\t\t<\/div>\n\t\t\t\t\t<\/div>\n\t\t<\/div>\n\t\t\t\t<div class=\"elementor-column elementor-col-50 elementor-top-column elementor-element elementor-element-25a920dc\" data-id=\"25a920dc\" data-element_type=\"column\" data-e-type=\"column\" data-settings=\"{&quot;architecturer_ext_is_mobile_menu&quot;:&quot;false&quot;,&quot;architecturer_ext_is_scrollme&quot;:&quot;false&quot;,&quot;architecturer_ext_is_smoove&quot;:&quot;false&quot;,&quot;architecturer_ext_is_parallax_mouse&quot;:&quot;false&quot;,&quot;architecturer_ext_is_infinite&quot;:&quot;false&quot;,&quot;architecturer_ext_is_fadeout_animation&quot;:&quot;false&quot;}\">\n\t\t\t<div class=\"elementor-widget-wrap elementor-element-populated\">\n\t\t\t\t\t\t<section class=\"elementor-section elementor-inner-section elementor-element elementor-element-745fe9b9 elementor-section-boxed elementor-section-height-default elementor-section-height-default\" data-id=\"745fe9b9\" data-element_type=\"section\" data-e-type=\"section\" data-settings=\"{&quot;architecturer_ext_is_background_parallax&quot;:&quot;false&quot;,&quot;architecturer_ext_is_background_on_scroll&quot;:&quot;false&quot;}\">\n\t\t\t\t\t\t<div class=\"elementor-container elementor-column-gap-default\">\n\t\t\t\t\t<div class=\"elementor-column elementor-col-33 elementor-inner-column elementor-element elementor-element-2080de3c\" data-id=\"2080de3c\" data-element_type=\"column\" data-e-type=\"column\" data-settings=\"{&quot;architecturer_ext_is_mobile_menu&quot;:&quot;false&quot;,&quot;architecturer_ext_is_scrollme&quot;:&quot;false&quot;,&quot;architecturer_ext_is_smoove&quot;:&quot;false&quot;,&quot;architecturer_ext_is_parallax_mouse&quot;:&quot;false&quot;,&quot;architecturer_ext_is_infinite&quot;:&quot;false&quot;,&quot;architecturer_ext_is_fadeout_animation&quot;:&quot;false&quot;}\">\n\t\t\t<div class=\"elementor-widget-wrap elementor-element-populated\">\n\t\t\t\t\t\t<div class=\"elementor-element elementor-element-fd8d818 elementor-widget elementor-widget-heading\" data-id=\"fd8d818\" data-element_type=\"widget\" data-e-type=\"widget\" data-settings=\"{&quot;architecturer_ext_is_mobile_menu&quot;:&quot;false&quot;,&quot;architecturer_ext_is_scrollme&quot;:&quot;false&quot;,&quot;architecturer_ext_is_smoove&quot;:&quot;false&quot;,&quot;architecturer_ext_is_parallax_mouse&quot;:&quot;false&quot;,&quot;architecturer_ext_is_infinite&quot;:&quot;false&quot;,&quot;architecturer_ext_is_fadeout_animation&quot;:&quot;false&quot;}\" data-widget_type=\"heading.default\">\n\t\t\t\t<div class=\"elementor-widget-container\">\n\t\t\t\t\t<span class=\"elementor-heading-title elementor-size-default\">Dauer<\/span>\t\t\t\t<\/div>\n\t\t\t\t<\/div>\n\t\t\t\t<div class=\"elementor-element elementor-element-5d00cf36 elementor-widget elementor-widget-text-editor\" data-id=\"5d00cf36\" data-element_type=\"widget\" data-e-type=\"widget\" data-settings=\"{&quot;architecturer_ext_is_mobile_menu&quot;:&quot;false&quot;,&quot;architecturer_ext_is_scrollme&quot;:&quot;false&quot;,&quot;architecturer_ext_is_smoove&quot;:&quot;false&quot;,&quot;architecturer_ext_is_parallax_mouse&quot;:&quot;false&quot;,&quot;architecturer_ext_is_infinite&quot;:&quot;false&quot;,&quot;architecturer_ext_is_fadeout_animation&quot;:&quot;false&quot;}\" data-widget_type=\"text-editor.default\">\n\t\t\t\t<div class=\"elementor-widget-container\">\n\t\t\t\t\t\t\t\t\t<p>2 Tage<\/p>\n\t\t\t\t\t\t\t\t<\/div>\n\t\t\t\t<\/div>\n\t\t\t\t\t<\/div>\n\t\t<\/div>\n\t\t\t\t<div class=\"elementor-column elementor-col-33 elementor-inner-column elementor-element elementor-element-6101758a\" data-id=\"6101758a\" data-element_type=\"column\" data-e-type=\"column\" data-settings=\"{&quot;architecturer_ext_is_mobile_menu&quot;:&quot;false&quot;,&quot;architecturer_ext_is_scrollme&quot;:&quot;false&quot;,&quot;architecturer_ext_is_smoove&quot;:&quot;false&quot;,&quot;architecturer_ext_is_parallax_mouse&quot;:&quot;false&quot;,&quot;architecturer_ext_is_infinite&quot;:&quot;false&quot;,&quot;architecturer_ext_is_fadeout_animation&quot;:&quot;false&quot;}\">\n\t\t\t<div class=\"elementor-widget-wrap elementor-element-populated\">\n\t\t\t\t\t\t<div class=\"elementor-element elementor-element-2d4dcb13 elementor-widget elementor-widget-heading\" data-id=\"2d4dcb13\" data-element_type=\"widget\" data-e-type=\"widget\" data-settings=\"{&quot;architecturer_ext_is_mobile_menu&quot;:&quot;false&quot;,&quot;architecturer_ext_is_scrollme&quot;:&quot;false&quot;,&quot;architecturer_ext_is_smoove&quot;:&quot;false&quot;,&quot;architecturer_ext_is_parallax_mouse&quot;:&quot;false&quot;,&quot;architecturer_ext_is_infinite&quot;:&quot;false&quot;,&quot;architecturer_ext_is_fadeout_animation&quot;:&quot;false&quot;}\" data-widget_type=\"heading.default\">\n\t\t\t\t<div class=\"elementor-widget-container\">\n\t\t\t\t\t<span class=\"elementor-heading-title elementor-size-default\">Ort<\/span>\t\t\t\t<\/div>\n\t\t\t\t<\/div>\n\t\t\t\t<div class=\"elementor-element elementor-element-79d36e6d elementor-widget elementor-widget-text-editor\" data-id=\"79d36e6d\" data-element_type=\"widget\" data-e-type=\"widget\" data-settings=\"{&quot;architecturer_ext_is_mobile_menu&quot;:&quot;false&quot;,&quot;architecturer_ext_is_scrollme&quot;:&quot;false&quot;,&quot;architecturer_ext_is_smoove&quot;:&quot;false&quot;,&quot;architecturer_ext_is_parallax_mouse&quot;:&quot;false&quot;,&quot;architecturer_ext_is_infinite&quot;:&quot;false&quot;,&quot;architecturer_ext_is_fadeout_animation&quot;:&quot;false&quot;}\" data-widget_type=\"text-editor.default\">\n\t\t\t\t<div class=\"elementor-widget-container\">\n\t\t\t\t\t\t\t\t\t<p>Vor Ort oder online<\/p>\n\t\t\t\t\t\t\t\t<\/div>\n\t\t\t\t<\/div>\n\t\t\t\t\t<\/div>\n\t\t<\/div>\n\t\t\t\t<div class=\"elementor-column elementor-col-33 elementor-inner-column elementor-element elementor-element-33ab0272\" data-id=\"33ab0272\" data-element_type=\"column\" data-e-type=\"column\" data-settings=\"{&quot;architecturer_ext_is_mobile_menu&quot;:&quot;false&quot;,&quot;architecturer_ext_is_scrollme&quot;:&quot;false&quot;,&quot;architecturer_ext_is_smoove&quot;:&quot;false&quot;,&quot;architecturer_ext_is_parallax_mouse&quot;:&quot;false&quot;,&quot;architecturer_ext_is_infinite&quot;:&quot;false&quot;,&quot;architecturer_ext_is_fadeout_animation&quot;:&quot;false&quot;}\">\n\t\t\t<div class=\"elementor-widget-wrap elementor-element-populated\">\n\t\t\t\t\t\t<div class=\"elementor-element elementor-element-1059a890 elementor-widget elementor-widget-heading\" data-id=\"1059a890\" data-element_type=\"widget\" data-e-type=\"widget\" data-settings=\"{&quot;architecturer_ext_is_mobile_menu&quot;:&quot;false&quot;,&quot;architecturer_ext_is_scrollme&quot;:&quot;false&quot;,&quot;architecturer_ext_is_smoove&quot;:&quot;false&quot;,&quot;architecturer_ext_is_parallax_mouse&quot;:&quot;false&quot;,&quot;architecturer_ext_is_infinite&quot;:&quot;false&quot;,&quot;architecturer_ext_is_fadeout_animation&quot;:&quot;false&quot;}\" data-widget_type=\"heading.default\">\n\t\t\t\t<div class=\"elementor-widget-container\">\n\t\t\t\t\t<span class=\"elementor-heading-title elementor-size-default\">Gruppe<\/span>\t\t\t\t<\/div>\n\t\t\t\t<\/div>\n\t\t\t\t<div class=\"elementor-element elementor-element-4824020d elementor-widget elementor-widget-text-editor\" data-id=\"4824020d\" data-element_type=\"widget\" data-e-type=\"widget\" data-settings=\"{&quot;architecturer_ext_is_mobile_menu&quot;:&quot;false&quot;,&quot;architecturer_ext_is_scrollme&quot;:&quot;false&quot;,&quot;architecturer_ext_is_smoove&quot;:&quot;false&quot;,&quot;architecturer_ext_is_parallax_mouse&quot;:&quot;false&quot;,&quot;architecturer_ext_is_infinite&quot;:&quot;false&quot;,&quot;architecturer_ext_is_fadeout_animation&quot;:&quot;false&quot;}\" data-widget_type=\"text-editor.default\">\n\t\t\t\t<div class=\"elementor-widget-container\">\n\t\t\t\t\t\t\t\t\t<p>4-8 Teilnehmer<\/p>\n\t\t\t\t\t\t\t\t<\/div>\n\t\t\t\t<\/div>\n\t\t\t\t\t<\/div>\n\t\t<\/div>\n\t\t\t\t\t<\/div>\n\t\t<\/section>\n\t\t\t\t\t<\/div>\n\t\t<\/div>\n\t\t\t\t\t<\/div>\n\t\t<\/section>\n\t\t\t\t<section class=\"elementor-section elementor-top-section elementor-element elementor-element-1a340c7f elementor-section-boxed elementor-section-height-default elementor-section-height-default\" data-id=\"1a340c7f\" data-element_type=\"section\" data-e-type=\"section\" data-settings=\"{&quot;architecturer_ext_is_background_parallax&quot;:&quot;false&quot;,&quot;architecturer_ext_is_background_on_scroll&quot;:&quot;false&quot;}\">\n\t\t\t\t\t\t<div class=\"elementor-container elementor-column-gap-no\">\n\t\t\t\t\t<div class=\"elementor-column elementor-col-100 elementor-top-column elementor-element elementor-element-61b792f8\" data-id=\"61b792f8\" data-element_type=\"column\" data-e-type=\"column\" data-settings=\"{&quot;architecturer_ext_is_mobile_menu&quot;:&quot;false&quot;,&quot;architecturer_ext_is_scrollme&quot;:&quot;false&quot;,&quot;architecturer_ext_is_smoove&quot;:&quot;false&quot;,&quot;architecturer_ext_is_parallax_mouse&quot;:&quot;false&quot;,&quot;architecturer_ext_is_infinite&quot;:&quot;false&quot;,&quot;architecturer_ext_is_fadeout_animation&quot;:&quot;false&quot;}\">\n\t\t\t<div class=\"elementor-widget-wrap elementor-element-populated\">\n\t\t\t\t\t\t<div class=\"elementor-element elementor-element-2ba27d22 elementor-widget elementor-widget-image\" data-id=\"2ba27d22\" data-element_type=\"widget\" data-e-type=\"widget\" data-settings=\"{&quot;architecturer_image_is_animation&quot;:&quot;false&quot;,&quot;architecturer_ext_is_mobile_menu&quot;:&quot;false&quot;,&quot;architecturer_ext_is_scrollme&quot;:&quot;false&quot;,&quot;architecturer_ext_is_smoove&quot;:&quot;false&quot;,&quot;architecturer_ext_is_parallax_mouse&quot;:&quot;false&quot;,&quot;architecturer_ext_is_infinite&quot;:&quot;false&quot;,&quot;architecturer_ext_is_fadeout_animation&quot;:&quot;false&quot;}\" data-widget_type=\"image.default\">\n\t\t\t\t<div class=\"elementor-widget-container\">\n\t\t\t\t\t\t\t\t\t\t\t\t\t\t\t<img decoding=\"async\" width=\"748\" height=\"420\" src=\"https:\/\/lisettevandesandt.com\/wp-content\/uploads\/2024\/08\/Communicate-skilfully.jpeg\" class=\"attachment-full size-full wp-image-7099\" alt=\"\" srcset=\"https:\/\/lisettevandesandt.com\/wp-content\/uploads\/2024\/08\/Communicate-skilfully.jpeg 748w, https:\/\/lisettevandesandt.com\/wp-content\/uploads\/2024\/08\/Communicate-skilfully-300x168.jpeg 300w, https:\/\/lisettevandesandt.com\/wp-content\/uploads\/2024\/08\/Communicate-skilfully-440x247.jpeg 440w, https:\/\/lisettevandesandt.com\/wp-content\/uploads\/2024\/08\/Communicate-skilfully-600x337.jpeg 600w\" sizes=\"(max-width: 748px) 100vw, 748px\" \/>\t\t\t\t\t\t\t\t\t\t\t\t\t\t\t<\/div>\n\t\t\t\t<\/div>\n\t\t\t\t\t<\/div>\n\t\t<\/div>\n\t\t\t\t\t<\/div>\n\t\t<\/section>\n\t\t<div class=\"elementor-element elementor-element-cea5fea e-flex e-con-boxed e-con e-parent\" data-id=\"cea5fea\" data-element_type=\"container\" data-e-type=\"container\">\n\t\t\t\t\t<div class=\"e-con-inner\">\n\t\t\t\t<div class=\"elementor-element elementor-element-6fe3e92 elementor-widget elementor-widget-text-editor\" data-id=\"6fe3e92\" data-element_type=\"widget\" data-e-type=\"widget\" data-settings=\"{&quot;architecturer_ext_is_mobile_menu&quot;:&quot;false&quot;,&quot;architecturer_ext_is_scrollme&quot;:&quot;false&quot;,&quot;architecturer_ext_is_smoove&quot;:&quot;false&quot;,&quot;architecturer_ext_is_parallax_mouse&quot;:&quot;false&quot;,&quot;architecturer_ext_is_infinite&quot;:&quot;false&quot;,&quot;architecturer_ext_is_fadeout_animation&quot;:&quot;false&quot;}\" data-widget_type=\"text-editor.default\">\n\t\t\t\t<div class=\"elementor-widget-container\">\n\t\t\t\t\t\t\t\t\t<p>In diesem interaktiven Training entdeckst du:<\/p><ul><li>Wie du\u00a0<strong>\u00fcberzeugende Geschichten<\/strong>\u00a0und\u00a0<strong>Pr\u00e4sentationen<\/strong> erstellen kannst. <em>Einschlie\u00dflich eines Praxislabors, in dem du deine eigene Rede mit zwei rhetorischen Werkzeugen f\u00fcr wirkungsvolle Pr\u00e4sentationen \u00fcben kannst.<\/em><\/li><li>Wie du\u00a0<strong>aus dem Stegreif sprichst<\/strong>\u00a0und mit wenig bis gar keiner Vorbereitung schnell ein \u00fcberzeugendes Argument f\u00fcr Meetings vorbereiten kannst.<\/li><li>Wie du\u00a0<strong>effektiv<\/strong>\u00a0mit\u00a0<strong>verschiedenen<\/strong>\u00a0Pers\u00f6nlichkeiten\u00a0<strong>kommunizierst<\/strong>.\u00a0<em>Einschlie\u00dflich Selbst- und Teameinsch\u00e4tzung.<\/em><\/li><li>Wie du\u00a0<strong>Fragetechniken<\/strong>,\u00a0<strong>aktives Zuh\u00f6ren<\/strong>\u00a0und\u00a0<strong>reflektierendes Zuh\u00f6ren<\/strong>\u00a0effektiv einsetzt, um andere besser zu verstehen und gemeinsam L\u00f6sungen zu entwickeln.<\/li><li>Wie du in Gespr\u00e4chen effektiv mit unterschiedlichen\u00a0<strong>Reaktionen<\/strong>\u00a0umgehen kannst &#8211; von einem heftigen Gef\u00fchlsausbruch \u00fcber Tr\u00e4nen bis hin zu kaum einer sichtbaren Reaktion.<\/li><li>Wie du verschiedene\u00a0<strong>Gespr\u00e4chsformate<\/strong>\u00a0nutzen kannst (z.B. das \u00dcberbringen schlechter Nachrichten, Leistungsgespr\u00e4che, Motivationsgespr\u00e4che) und wie du w\u00e4hrend der verschiedenen\u00a0<strong>Gespr\u00e4chs\u00fcbungen<\/strong>\u00a0effektiv mit einem potenziell kritischen Gespr\u00e4chspartner umgehen kannst.<\/li><li>Wie du\u00a0<strong>strategisch<\/strong>\u00a0kommunizieren und\u00a0<strong>Verhandlungstechniken<\/strong>\u00a0in wichtigen Verhandlungssituationen und t\u00e4glichen Mitarbeitergespr\u00e4chen einsetzen kannst.<\/li><\/ul>\t\t\t\t\t\t\t\t<\/div>\n\t\t\t\t<\/div>\n\t\t\t\t\t<\/div>\n\t\t\t\t<\/div>\n\t\t\t\t<\/div>\n\t\t","protected":false},"excerpt":{"rendered":"<p>Werde zu einem Superkommunikator! Kommuniziere und verhandele geschickt Werde zu einem Superkommunikator, der Kollegen und Kunden das Gef\u00fchl gibt, geh\u00f6rt zu werden und der Ergebnisse erzielt. Dauer 2 Tage Ort Vor Ort oder online Gruppe 4-8 Teilnehmer In diesem interaktiven [&hellip;]<\/p>\n","protected":false},"author":1,"featured_media":0,"parent":6610,"menu_order":0,"comment_status":"closed","ping_status":"closed","template":"","meta":{"_monsterinsights_skip_tracking":false,"_monsterinsights_sitenote_active":false,"_monsterinsights_sitenote_note":"","_monsterinsights_sitenote_category":0,"footnotes":""},"class_list":["post-7111","page","type-page","status-publish","hentry"],"aioseo_notices":[],"_links":{"self":[{"href":"https:\/\/lisettevandesandt.com\/de\/wp-json\/wp\/v2\/pages\/7111","targetHints":{"allow":["GET"]}}],"collection":[{"href":"https:\/\/lisettevandesandt.com\/de\/wp-json\/wp\/v2\/pages"}],"about":[{"href":"https:\/\/lisettevandesandt.com\/de\/wp-json\/wp\/v2\/types\/page"}],"author":[{"embeddable":true,"href":"https:\/\/lisettevandesandt.com\/de\/wp-json\/wp\/v2\/users\/1"}],"replies":[{"embeddable":true,"href":"https:\/\/lisettevandesandt.com\/de\/wp-json\/wp\/v2\/comments?post=7111"}],"version-history":[{"count":7,"href":"https:\/\/lisettevandesandt.com\/de\/wp-json\/wp\/v2\/pages\/7111\/revisions"}],"predecessor-version":[{"id":7439,"href":"https:\/\/lisettevandesandt.com\/de\/wp-json\/wp\/v2\/pages\/7111\/revisions\/7439"}],"up":[{"embeddable":true,"href":"https:\/\/lisettevandesandt.com\/de\/wp-json\/wp\/v2\/pages\/6610"}],"wp:attachment":[{"href":"https:\/\/lisettevandesandt.com\/de\/wp-json\/wp\/v2\/media?parent=7111"}],"curies":[{"name":"wp","href":"https:\/\/api.w.org\/{rel}","templated":true}]}}