{"id":7637,"date":"2024-10-29T11:26:47","date_gmt":"2024-10-29T10:26:47","guid":{"rendered":"https:\/\/lisettevandesandt.com\/buch\/"},"modified":"2025-06-23T15:10:11","modified_gmt":"2025-06-23T13:10:11","slug":"buch","status":"publish","type":"page","link":"https:\/\/lisettevandesandt.com\/de\/buch\/","title":{"rendered":"Buch"},"content":{"rendered":"\t\t<div data-elementor-type=\"wp-page\" data-elementor-id=\"7637\" class=\"elementor elementor-7637 elementor-7574\">\n\t\t\t\t\t\t<section class=\"elementor-section elementor-top-section elementor-element elementor-element-183a83c3 elementor-section-stretched elementor-section-full_width elementor-section-content-middle elementor-section-height-default elementor-section-height-default\" data-id=\"183a83c3\" data-element_type=\"section\" data-e-type=\"section\" data-settings=\"{&quot;stretch_section&quot;:&quot;section-stretched&quot;,&quot;background_background&quot;:&quot;classic&quot;,&quot;architecturer_ext_is_background_parallax&quot;:&quot;false&quot;,&quot;architecturer_ext_is_background_on_scroll&quot;:&quot;false&quot;}\">\n\t\t\t\t\t\t<div class=\"elementor-container elementor-column-gap-no\">\n\t\t\t\t\t<div class=\"elementor-column elementor-col-50 elementor-top-column elementor-element elementor-element-6e78f7aa\" data-id=\"6e78f7aa\" data-element_type=\"column\" data-e-type=\"column\" data-settings=\"{&quot;architecturer_ext_is_mobile_menu&quot;:&quot;false&quot;,&quot;architecturer_ext_is_scrollme&quot;:&quot;false&quot;,&quot;architecturer_ext_is_smoove&quot;:&quot;false&quot;,&quot;architecturer_ext_is_parallax_mouse&quot;:&quot;false&quot;,&quot;architecturer_ext_is_infinite&quot;:&quot;false&quot;,&quot;architecturer_ext_is_fadeout_animation&quot;:&quot;false&quot;}\">\n\t\t\t<div class=\"elementor-widget-wrap elementor-element-populated\">\n\t\t\t\t\t\t<div class=\"elementor-element elementor-element-4fd979e7 elementor-widget elementor-widget-heading\" data-id=\"4fd979e7\" data-element_type=\"widget\" data-e-type=\"widget\" data-settings=\"{&quot;architecturer_ext_is_mobile_menu&quot;:&quot;false&quot;,&quot;architecturer_ext_is_scrollme&quot;:&quot;false&quot;,&quot;architecturer_ext_is_smoove&quot;:&quot;false&quot;,&quot;architecturer_ext_is_parallax_mouse&quot;:&quot;false&quot;,&quot;architecturer_ext_is_infinite&quot;:&quot;false&quot;,&quot;architecturer_ext_is_fadeout_animation&quot;:&quot;false&quot;}\" data-widget_type=\"heading.default\">\n\t\t\t\t<div class=\"elementor-widget-container\">\n\t\t\t\t\t<h3 class=\"elementor-heading-title elementor-size-default\">So kriegst du alle mit<\/h3>\t\t\t\t<\/div>\n\t\t\t\t<\/div>\n\t\t\t\t<div class=\"elementor-element elementor-element-7e2e109 elementor-widget elementor-widget-heading\" data-id=\"7e2e109\" data-element_type=\"widget\" data-e-type=\"widget\" data-settings=\"{&quot;architecturer_ext_is_mobile_menu&quot;:&quot;false&quot;,&quot;architecturer_ext_is_scrollme&quot;:&quot;false&quot;,&quot;architecturer_ext_is_smoove&quot;:&quot;false&quot;,&quot;architecturer_ext_is_parallax_mouse&quot;:&quot;false&quot;,&quot;architecturer_ext_is_infinite&quot;:&quot;false&quot;,&quot;architecturer_ext_is_fadeout_animation&quot;:&quot;false&quot;}\" data-widget_type=\"heading.default\">\n\t\t\t\t<div class=\"elementor-widget-container\">\n\t\t\t\t\t<h6 class=\"elementor-heading-title elementor-size-default\">Auf der Longlist f\u00fcr das Managementbuch des Jahres 2025!<\/h6>\t\t\t\t<\/div>\n\t\t\t\t<\/div>\n\t\t\t\t<div class=\"elementor-element elementor-element-e8582ed elementor-widget elementor-widget-text-editor\" data-id=\"e8582ed\" data-element_type=\"widget\" data-e-type=\"widget\" data-settings=\"{&quot;architecturer_ext_is_mobile_menu&quot;:&quot;false&quot;,&quot;architecturer_ext_is_scrollme&quot;:&quot;false&quot;,&quot;architecturer_ext_is_smoove&quot;:&quot;false&quot;,&quot;architecturer_ext_is_parallax_mouse&quot;:&quot;false&quot;,&quot;architecturer_ext_is_infinite&quot;:&quot;false&quot;,&quot;architecturer_ext_is_fadeout_animation&quot;:&quot;false&quot;}\" data-widget_type=\"text-editor.default\">\n\t\t\t\t<div class=\"elementor-widget-container\">\n\t\t\t\t\t\t\t\t\t<p>\u2022 Warum scheitern Ver\u00e4nderungen oft und wie kannst du das verhindern?<br \/>\u2022 Wie gehst du effektiv mit Widerstand und Ver\u00e4nderungsskeptikern um?<br \/>\u2022 Wie schaffst du eine Kultur des Experimentierens, in der die Kolleginnen und Kollegen st\u00e4ndig innovieren?<\/p><p>Studien zufolge scheitern 30 bis 70 Prozent aller Ver\u00e4nderungsprozesse. In <em>Zo krijg je iedereen mee<\/em>\u00a0(So kriegst du alle mit) zeigt die international anerkannte Ver\u00e4nderungsexpertin Lisette van de Sandt, wie du als F\u00fchrungskraft Widerstand in Ver\u00e4nderungsmotivation umwandelst, indem ihr gemeinsam experimentiert.<\/p><p>Entdecke die einzigartige Kombination aus dem Fokus auf die menschliche Seite des Wandels, Verhaltens- und Neurowissenschaften und praktischer Anwendbarkeit. Tauche ein in die Geschichten erfolgreicher und gescheiterter Ver\u00e4nderungsf\u00e4lle, verstehe die Psychologie dahinter und lege mit den praktischen Tools und Experimenten sofort los. Entdecke au\u00dferdem die Lieblingstipps von Ver\u00e4nderungsleitern aus Organisationen wie ASML, der niederl\u00e4ndischen Nationalpolizei, Rabobank und ProRail.<\/p><p>Sei versichert: Du musst wirklich nicht alle deine Mitarbeiter\/innen einzeln ins Boot holen, damit die Ver\u00e4nderung erfolgreich wird. Was du allerdings brauchst, erf\u00e4hrst du in diesem Buch.<\/p><p><em>Derzeit auf Niederl\u00e4ndisch erh\u00e4ltlich \u2014 deutsche Version f\u00fcr 2026 geplant.\u00a0<\/em><\/p>\t\t\t\t\t\t\t\t<\/div>\n\t\t\t\t<\/div>\n\t\t\t\t<div class=\"elementor-element elementor-element-995cfc6 elementor-align-center elementor-widget elementor-widget-button\" data-id=\"995cfc6\" data-element_type=\"widget\" data-e-type=\"widget\" data-settings=\"{&quot;architecturer_ext_is_mobile_menu&quot;:&quot;false&quot;,&quot;architecturer_ext_is_scrollme&quot;:&quot;false&quot;,&quot;architecturer_ext_is_smoove&quot;:&quot;false&quot;,&quot;architecturer_ext_is_parallax_mouse&quot;:&quot;false&quot;,&quot;architecturer_ext_is_infinite&quot;:&quot;false&quot;,&quot;architecturer_ext_is_fadeout_animation&quot;:&quot;false&quot;}\" data-widget_type=\"button.default\">\n\t\t\t\t<div class=\"elementor-widget-container\">\n\t\t\t\t\t\t\t\t\t<div class=\"elementor-button-wrapper\">\n\t\t\t\t\t<a class=\"elementor-button elementor-button-link elementor-size-sm\" href=\"https:\/\/www.managementboek.nl\/boek\/9789493282490\/zo-krijg-je-iedereen-mee-lisette-van-de-sandt\">\n\t\t\t\t\t\t<span class=\"elementor-button-content-wrapper\">\n\t\t\t\t\t\t\t\t\t<span class=\"elementor-button-text\">Bestellen<\/span>\n\t\t\t\t\t<\/span>\n\t\t\t\t\t<\/a>\n\t\t\t\t<\/div>\n\t\t\t\t\t\t\t\t<\/div>\n\t\t\t\t<\/div>\n\t\t\t\t\t<\/div>\n\t\t<\/div>\n\t\t\t\t<div class=\"elementor-column elementor-col-50 elementor-top-column elementor-element elementor-element-66330928\" data-id=\"66330928\" data-element_type=\"column\" data-e-type=\"column\" data-settings=\"{&quot;background_background&quot;:&quot;classic&quot;,&quot;architecturer_ext_is_mobile_menu&quot;:&quot;false&quot;,&quot;architecturer_ext_is_scrollme&quot;:&quot;false&quot;,&quot;architecturer_ext_is_smoove&quot;:&quot;false&quot;,&quot;architecturer_ext_is_parallax_mouse&quot;:&quot;false&quot;,&quot;architecturer_ext_is_infinite&quot;:&quot;false&quot;,&quot;architecturer_ext_is_fadeout_animation&quot;:&quot;false&quot;}\">\n\t\t\t<div class=\"elementor-widget-wrap elementor-element-populated\">\n\t\t\t\t\t\t<div class=\"elementor-element elementor-element-cd5708c elementor-widget elementor-widget-image\" data-id=\"cd5708c\" data-element_type=\"widget\" data-e-type=\"widget\" data-settings=\"{&quot;architecturer_image_is_animation&quot;:&quot;false&quot;,&quot;architecturer_ext_is_mobile_menu&quot;:&quot;false&quot;,&quot;architecturer_ext_is_scrollme&quot;:&quot;false&quot;,&quot;architecturer_ext_is_smoove&quot;:&quot;false&quot;,&quot;architecturer_ext_is_parallax_mouse&quot;:&quot;false&quot;,&quot;architecturer_ext_is_infinite&quot;:&quot;false&quot;,&quot;architecturer_ext_is_fadeout_animation&quot;:&quot;false&quot;}\" data-widget_type=\"image.default\">\n\t\t\t\t<div class=\"elementor-widget-container\">\n\t\t\t\t\t\t\t\t\t\t\t\t\t\t\t<img fetchpriority=\"high\" decoding=\"async\" width=\"724\" height=\"1024\" src=\"https:\/\/lisettevandesandt.com\/wp-content\/uploads\/2024\/10\/Omslag-Zo-krijg-je-iedereen-mee-724x1024.png\" class=\"attachment-large size-large wp-image-7581\" alt=\"\" srcset=\"https:\/\/lisettevandesandt.com\/wp-content\/uploads\/2024\/10\/Omslag-Zo-krijg-je-iedereen-mee-724x1024.png 724w, https:\/\/lisettevandesandt.com\/wp-content\/uploads\/2024\/10\/Omslag-Zo-krijg-je-iedereen-mee-212x300.png 212w, https:\/\/lisettevandesandt.com\/wp-content\/uploads\/2024\/10\/Omslag-Zo-krijg-je-iedereen-mee-768x1086.png 768w, https:\/\/lisettevandesandt.com\/wp-content\/uploads\/2024\/10\/Omslag-Zo-krijg-je-iedereen-mee-1086x1536.png 1086w, https:\/\/lisettevandesandt.com\/wp-content\/uploads\/2024\/10\/Omslag-Zo-krijg-je-iedereen-mee-1448x2048.png 1448w, https:\/\/lisettevandesandt.com\/wp-content\/uploads\/2024\/10\/Omslag-Zo-krijg-je-iedereen-mee-440x622.png 440w\" sizes=\"(max-width: 724px) 100vw, 724px\" \/>\t\t\t\t\t\t\t\t\t\t\t\t\t\t\t<\/div>\n\t\t\t\t<\/div>\n\t\t\t\t\t<\/div>\n\t\t<\/div>\n\t\t\t\t\t<\/div>\n\t\t<\/section>\n\t\t\t\t<section class=\"elementor-section elementor-top-section elementor-element elementor-element-356b0b98 elementor-section-boxed elementor-section-height-default elementor-section-height-default\" data-id=\"356b0b98\" data-element_type=\"section\" data-e-type=\"section\" data-settings=\"{&quot;architecturer_ext_is_background_parallax&quot;:&quot;false&quot;,&quot;architecturer_ext_is_background_on_scroll&quot;:&quot;false&quot;}\">\n\t\t\t\t\t\t<div class=\"elementor-container elementor-column-gap-no\">\n\t\t\t\t\t<div class=\"elementor-column elementor-col-100 elementor-top-column elementor-element elementor-element-36cb4d43\" data-id=\"36cb4d43\" data-element_type=\"column\" data-e-type=\"column\" data-settings=\"{&quot;architecturer_ext_is_mobile_menu&quot;:&quot;false&quot;,&quot;architecturer_ext_is_scrollme&quot;:&quot;false&quot;,&quot;architecturer_ext_is_smoove&quot;:&quot;false&quot;,&quot;architecturer_ext_is_parallax_mouse&quot;:&quot;false&quot;,&quot;architecturer_ext_is_infinite&quot;:&quot;false&quot;,&quot;architecturer_ext_is_fadeout_animation&quot;:&quot;false&quot;}\">\n\t\t\t<div class=\"elementor-widget-wrap elementor-element-populated\">\n\t\t\t\t\t\t<div class=\"elementor-element elementor-element-1f26e86b elementor-widget elementor-widget-text-editor\" data-id=\"1f26e86b\" data-element_type=\"widget\" data-e-type=\"widget\" data-settings=\"{&quot;architecturer_ext_is_mobile_menu&quot;:&quot;false&quot;,&quot;architecturer_ext_is_scrollme&quot;:&quot;false&quot;,&quot;architecturer_ext_is_smoove&quot;:&quot;false&quot;,&quot;architecturer_ext_is_parallax_mouse&quot;:&quot;false&quot;,&quot;architecturer_ext_is_infinite&quot;:&quot;false&quot;,&quot;architecturer_ext_is_fadeout_animation&quot;:&quot;false&quot;}\" data-widget_type=\"text-editor.default\">\n\t\t\t\t<div class=\"elementor-widget-container\">\n\t\t\t\t\t\t\t\t\t<p>Andere \u00fcber &#8218;Zo krijg je iedereen mee&#8216;<\/p>\t\t\t\t\t\t\t\t<\/div>\n\t\t\t\t<\/div>\n\t\t\t\t<div class=\"elementor-element elementor-element-8768e5e elementor-widget elementor-widget-testimonial\" data-id=\"8768e5e\" data-element_type=\"widget\" data-e-type=\"widget\" data-settings=\"{&quot;architecturer_ext_is_mobile_menu&quot;:&quot;false&quot;,&quot;architecturer_ext_is_scrollme&quot;:&quot;false&quot;,&quot;architecturer_ext_is_smoove&quot;:&quot;false&quot;,&quot;architecturer_ext_is_parallax_mouse&quot;:&quot;false&quot;,&quot;architecturer_ext_is_infinite&quot;:&quot;false&quot;,&quot;architecturer_ext_is_fadeout_animation&quot;:&quot;false&quot;}\" data-widget_type=\"testimonial.default\">\n\t\t\t\t<div class=\"elementor-widget-container\">\n\t\t\t\t\t\t\t<div class=\"elementor-testimonial-wrapper\">\n\t\t\t\t\t\t\t<div class=\"elementor-testimonial-content\"><p>\"Laut McKinsey scheitern 70% aller Ver\u00e4nderungsprojekte. Mit diesem umfassenden und praktischen Ver\u00e4nderungshandbuch kannst du die dringend ben\u00f6tigte Ver\u00e4nderung herbeif\u00fchren.\"<\/p>\n<\/div>\n\t\t\t\n\t\t\t\t\t\t<div class=\"elementor-testimonial-meta elementor-has-image elementor-testimonial-image-position-aside\">\n\t\t\t\t<div class=\"elementor-testimonial-meta-inner\">\n\t\t\t\t\t\t\t\t\t\t\t<div class=\"elementor-testimonial-image\">\n\t\t\t\t\t\t\t<img decoding=\"async\" width=\"266\" height=\"189\" src=\"https:\/\/lisettevandesandt.com\/wp-content\/uploads\/2024\/10\/Stephan-Ummelen.jpeg\" class=\"attachment-full size-full wp-image-7582\" alt=\"\" \/>\t\t\t\t\t\t<\/div>\n\t\t\t\t\t\n\t\t\t\t\t\t\t\t\t\t<div class=\"elementor-testimonial-details\">\n\t\t\t\t\t\t\t\t\t\t\t\t\t\t<div class=\"elementor-testimonial-name\">Stephan Ummelen<\/div>\n\t\t\t\t\t\t\t\t\t\t\t\t\t\t\t\t\t\t\t\t\t\t<div class=\"elementor-testimonial-job\">Waardegedreven, Autor Betekenis &amp; Bullshit<\/div>\n\t\t\t\t\t\t\t\t\t\t\t\t\t<\/div>\n\t\t\t\t\t\t\t\t\t<\/div>\n\t\t\t<\/div>\n\t\t\t\t\t<\/div>\n\t\t\t\t\t\t<\/div>\n\t\t\t\t<\/div>\n\t\t\t\t<div class=\"elementor-element elementor-element-6cdeafb elementor-widget elementor-widget-testimonial\" data-id=\"6cdeafb\" data-element_type=\"widget\" data-e-type=\"widget\" data-settings=\"{&quot;architecturer_ext_is_mobile_menu&quot;:&quot;false&quot;,&quot;architecturer_ext_is_scrollme&quot;:&quot;false&quot;,&quot;architecturer_ext_is_smoove&quot;:&quot;false&quot;,&quot;architecturer_ext_is_parallax_mouse&quot;:&quot;false&quot;,&quot;architecturer_ext_is_infinite&quot;:&quot;false&quot;,&quot;architecturer_ext_is_fadeout_animation&quot;:&quot;false&quot;}\" data-widget_type=\"testimonial.default\">\n\t\t\t\t<div class=\"elementor-widget-container\">\n\t\t\t\t\t\t\t<div class=\"elementor-testimonial-wrapper\">\n\t\t\t\t\t\t\t<div class=\"elementor-testimonial-content\"><p>'In einer Welt, die sich rasant ver\u00e4ndert und in der gleichzeitig gro\u00dfe Umw\u00e4lzungen anstehen, werden agile Fachkr\u00e4fte gebraucht, die adaptiv auf ein sich st\u00e4ndig ver\u00e4nderndes Umfeld reagieren. Was das Buch Zo krijg je iedereen mee einzigartig macht, ist die Kombination aus Theorie und Praxis, die zu einer Reihe von wertvollen Werkzeugen f\u00fcr die erfolgreiche Gestaltung des Wandels in Organisationen f\u00fchrt.\u2019 <\/p>\n<\/div>\n\t\t\t\n\t\t\t\t\t\t<div class=\"elementor-testimonial-meta elementor-has-image elementor-testimonial-image-position-aside\">\n\t\t\t\t<div class=\"elementor-testimonial-meta-inner\">\n\t\t\t\t\t\t\t\t\t\t\t<div class=\"elementor-testimonial-image\">\n\t\t\t\t\t\t\t<img decoding=\"async\" width=\"256\" height=\"256\" src=\"https:\/\/lisettevandesandt.com\/wp-content\/uploads\/2024\/10\/vincent-pijnenburg.256x256.jpg\" class=\"attachment-full size-full wp-image-7585\" alt=\"\" srcset=\"https:\/\/lisettevandesandt.com\/wp-content\/uploads\/2024\/10\/vincent-pijnenburg.256x256.jpg 256w, https:\/\/lisettevandesandt.com\/wp-content\/uploads\/2024\/10\/vincent-pijnenburg.256x256-150x150.jpg 150w\" sizes=\"(max-width: 256px) 100vw, 256px\" \/>\t\t\t\t\t\t<\/div>\n\t\t\t\t\t\n\t\t\t\t\t\t\t\t\t\t<div class=\"elementor-testimonial-details\">\n\t\t\t\t\t\t\t\t\t\t\t\t\t\t<div class=\"elementor-testimonial-name\"> Dr. Vincent Pijnenburg<\/div>\n\t\t\t\t\t\t\t\t\t\t\t\t\t\t\t\t\t\t\t\t\t\t<div class=\"elementor-testimonial-job\">Professor Cross-border Business Development, Fontys<\/div>\n\t\t\t\t\t\t\t\t\t\t\t\t\t<\/div>\n\t\t\t\t\t\t\t\t\t<\/div>\n\t\t\t<\/div>\n\t\t\t\t\t<\/div>\n\t\t\t\t\t\t<\/div>\n\t\t\t\t<\/div>\n\t\t\t\t<div class=\"elementor-element elementor-element-c08cde5 elementor-widget elementor-widget-testimonial\" data-id=\"c08cde5\" data-element_type=\"widget\" data-e-type=\"widget\" data-settings=\"{&quot;architecturer_ext_is_mobile_menu&quot;:&quot;false&quot;,&quot;architecturer_ext_is_scrollme&quot;:&quot;false&quot;,&quot;architecturer_ext_is_smoove&quot;:&quot;false&quot;,&quot;architecturer_ext_is_parallax_mouse&quot;:&quot;false&quot;,&quot;architecturer_ext_is_infinite&quot;:&quot;false&quot;,&quot;architecturer_ext_is_fadeout_animation&quot;:&quot;false&quot;}\" data-widget_type=\"testimonial.default\">\n\t\t\t\t<div class=\"elementor-widget-container\">\n\t\t\t\t\t\t\t<div class=\"elementor-testimonial-wrapper\">\n\t\t\t\t\t\t\t<div class=\"elementor-testimonial-content\">'Dass wir uns in unseren Organisationen ver\u00e4ndern m\u00fcssen, wissen wir inzwischen alle. Aber das bedeutet nicht, dass wir das dann auch gerne tun und annehmen. In ihrem Buch gibt Lisette eine Menge an Ratschl\u00e4gen, mit ansprechenden Titeln wie \u201eWiderstandler\u201c, \u201eAchterbahn der Ver\u00e4nderung\u201c und \u201eRasseln und Bomben\u201c. Das bringt dich automatisch zum L\u00e4cheln. Dies sind die B\u00fccher, die ich gerne lese; und sie sind \u00fcbersichtlich, mit vielen Tipps. M\u00f6ge die n\u00e4chste Ver\u00e4nderung bald kommen!'<\/div>\n\t\t\t\n\t\t\t\t\t\t<div class=\"elementor-testimonial-meta elementor-has-image elementor-testimonial-image-position-aside\">\n\t\t\t\t<div class=\"elementor-testimonial-meta-inner\">\n\t\t\t\t\t\t\t\t\t\t\t<div class=\"elementor-testimonial-image\">\n\t\t\t\t\t\t\t<img loading=\"lazy\" decoding=\"async\" width=\"600\" height=\"600\" src=\"https:\/\/lisettevandesandt.com\/wp-content\/uploads\/2024\/10\/Cock-Aquarius.jpg\" class=\"attachment-full size-full wp-image-7601\" alt=\"\" srcset=\"https:\/\/lisettevandesandt.com\/wp-content\/uploads\/2024\/10\/Cock-Aquarius.jpg 600w, https:\/\/lisettevandesandt.com\/wp-content\/uploads\/2024\/10\/Cock-Aquarius-300x300.jpg 300w, https:\/\/lisettevandesandt.com\/wp-content\/uploads\/2024\/10\/Cock-Aquarius-150x150.jpg 150w, https:\/\/lisettevandesandt.com\/wp-content\/uploads\/2024\/10\/Cock-Aquarius-440x440.jpg 440w\" sizes=\"(max-width: 600px) 100vw, 600px\" \/>\t\t\t\t\t\t<\/div>\n\t\t\t\t\t\n\t\t\t\t\t\t\t\t\t\t<div class=\"elementor-testimonial-details\">\n\t\t\t\t\t\t\t\t\t\t\t\t\t\t<div class=\"elementor-testimonial-name\">Cock Aquarius<\/div>\n\t\t\t\t\t\t\t\t\t\t\t\t\t\t\t\t\t\t\t\t\t\t<div class=\"elementor-testimonial-job\">Kommissar in Wirtschaft und Sozialwesen<\/div>\n\t\t\t\t\t\t\t\t\t\t\t\t\t<\/div>\n\t\t\t\t\t\t\t\t\t<\/div>\n\t\t\t<\/div>\n\t\t\t\t\t<\/div>\n\t\t\t\t\t\t<\/div>\n\t\t\t\t<\/div>\n\t\t\t\t<div class=\"elementor-element elementor-element-9327d1b elementor-widget elementor-widget-text-editor\" data-id=\"9327d1b\" data-element_type=\"widget\" data-e-type=\"widget\" data-settings=\"{&quot;architecturer_ext_is_mobile_menu&quot;:&quot;false&quot;,&quot;architecturer_ext_is_scrollme&quot;:&quot;false&quot;,&quot;architecturer_ext_is_smoove&quot;:&quot;false&quot;,&quot;architecturer_ext_is_parallax_mouse&quot;:&quot;false&quot;,&quot;architecturer_ext_is_infinite&quot;:&quot;false&quot;,&quot;architecturer_ext_is_fadeout_animation&quot;:&quot;false&quot;}\" data-widget_type=\"text-editor.default\">\n\t\t\t\t<div class=\"elementor-widget-container\">\n\t\t\t\t\t\t\t\t\t<p>\u00dcber Lisette van de Sandt<\/p>\t\t\t\t\t\t\t\t<\/div>\n\t\t\t\t<\/div>\n\t\t<div class=\"elementor-element elementor-element-9b55c25 e-grid e-con-boxed e-con e-parent\" data-id=\"9b55c25\" data-element_type=\"container\" data-e-type=\"container\">\n\t\t\t\t\t<div class=\"e-con-inner\">\n\t\t\t\t<div class=\"elementor-element elementor-element-2af8e36 elementor-widget elementor-widget-image\" data-id=\"2af8e36\" data-element_type=\"widget\" data-e-type=\"widget\" data-settings=\"{&quot;architecturer_image_is_animation&quot;:&quot;false&quot;,&quot;architecturer_ext_is_mobile_menu&quot;:&quot;false&quot;,&quot;architecturer_ext_is_scrollme&quot;:&quot;false&quot;,&quot;architecturer_ext_is_smoove&quot;:&quot;false&quot;,&quot;architecturer_ext_is_parallax_mouse&quot;:&quot;false&quot;,&quot;architecturer_ext_is_infinite&quot;:&quot;false&quot;,&quot;architecturer_ext_is_fadeout_animation&quot;:&quot;false&quot;}\" data-widget_type=\"image.default\">\n\t\t\t\t<div class=\"elementor-widget-container\">\n\t\t\t\t\t\t\t\t\t\t\t\t\t\t\t<img loading=\"lazy\" decoding=\"async\" width=\"1024\" height=\"707\" src=\"https:\/\/lisettevandesandt.com\/wp-content\/uploads\/2024\/06\/Lisette-van-de-Sandt-AF-7212-roze-ook-vierkante-headshot-optie-b-of-7200--scaled-e1718958293798-1024x707.jpg\" class=\"attachment-large size-large wp-image-6108\" alt=\"\" srcset=\"https:\/\/lisettevandesandt.com\/wp-content\/uploads\/2024\/06\/Lisette-van-de-Sandt-AF-7212-roze-ook-vierkante-headshot-optie-b-of-7200--scaled-e1718958293798-1024x707.jpg 1024w, https:\/\/lisettevandesandt.com\/wp-content\/uploads\/2024\/06\/Lisette-van-de-Sandt-AF-7212-roze-ook-vierkante-headshot-optie-b-of-7200--scaled-e1718958293798-600x414.jpg 600w, https:\/\/lisettevandesandt.com\/wp-content\/uploads\/2024\/06\/Lisette-van-de-Sandt-AF-7212-roze-ook-vierkante-headshot-optie-b-of-7200--scaled-e1718958293798-300x207.jpg 300w, https:\/\/lisettevandesandt.com\/wp-content\/uploads\/2024\/06\/Lisette-van-de-Sandt-AF-7212-roze-ook-vierkante-headshot-optie-b-of-7200--scaled-e1718958293798-768x530.jpg 768w, https:\/\/lisettevandesandt.com\/wp-content\/uploads\/2024\/06\/Lisette-van-de-Sandt-AF-7212-roze-ook-vierkante-headshot-optie-b-of-7200--scaled-e1718958293798-1536x1061.jpg 1536w, https:\/\/lisettevandesandt.com\/wp-content\/uploads\/2024\/06\/Lisette-van-de-Sandt-AF-7212-roze-ook-vierkante-headshot-optie-b-of-7200--scaled-e1718958293798-2048x1414.jpg 2048w, https:\/\/lisettevandesandt.com\/wp-content\/uploads\/2024\/06\/Lisette-van-de-Sandt-AF-7212-roze-ook-vierkante-headshot-optie-b-of-7200--scaled-e1718958293798-440x304.jpg 440w\" sizes=\"(max-width: 1024px) 100vw, 1024px\" \/>\t\t\t\t\t\t\t\t\t\t\t\t\t\t\t<\/div>\n\t\t\t\t<\/div>\n\t\t\t\t<div class=\"elementor-element elementor-element-2f07555 elementor-widget elementor-widget-text-editor\" data-id=\"2f07555\" data-element_type=\"widget\" data-e-type=\"widget\" data-settings=\"{&quot;architecturer_ext_is_mobile_menu&quot;:&quot;false&quot;,&quot;architecturer_ext_is_scrollme&quot;:&quot;false&quot;,&quot;architecturer_ext_is_smoove&quot;:&quot;false&quot;,&quot;architecturer_ext_is_parallax_mouse&quot;:&quot;false&quot;,&quot;architecturer_ext_is_infinite&quot;:&quot;false&quot;,&quot;architecturer_ext_is_fadeout_animation&quot;:&quot;false&quot;}\" data-widget_type=\"text-editor.default\">\n\t\t\t\t<div class=\"elementor-widget-container\">\n\t\t\t\t\t\t\t\t\t<p>Lisette van de Sandt (MSc.) ist Unternehmerin und und begleitet Ver\u00e4nderungen auf menschorientierte Weise in (inter)nationalen mittelst\u00e4ndische und gro\u00dfen Organisationen und den \u00f6ffentlichen Sektor. Sie spricht, trainiert und leitet Workshops im Bereich Ver\u00e4nderung und F\u00fchrung auf ihre einzigartige interaktive und energiegeladene Art. Sie arbeitet(e) u.a. mit Arvato Bertelsmann, der Boston Consulting Group, Leolux, der Radboud Universit\u00e4t, der Gemeinde Ede, der Deutschen Telekom, der Provinz Limburg und Royal HaskoningDHV zusammen. In ihrem ersten Buch <span class=\"notion-enable-hover\" data-token-index=\"1\">Zo krijg je iedereen mee<\/span> (So kriegst du alle mit) zeigt sie F\u00fchrungskr\u00e4ften, wie sie Widerstand in Ver\u00e4nderungsmotivation umwandeln k\u00f6nnen.<\/p>\t\t\t\t\t\t\t\t<\/div>\n\t\t\t\t<\/div>\n\t\t\t\t\t<\/div>\n\t\t\t\t<\/div>\n\t\t\t\t\t<\/div>\n\t\t<\/div>\n\t\t\t\t\t<\/div>\n\t\t<\/section>\n\t\t\t\t<\/div>\n\t\t","protected":false},"excerpt":{"rendered":"<p>So kriegst du alle mit Auf der Longlist f\u00fcr das Managementbuch des Jahres 2025! \u2022 Warum scheitern Ver\u00e4nderungen oft und wie kannst du das verhindern?\u2022 Wie gehst du effektiv mit Widerstand und Ver\u00e4nderungsskeptikern um?\u2022 Wie schaffst du eine Kultur des [&hellip;]<\/p>\n","protected":false},"author":1,"featured_media":0,"parent":0,"menu_order":0,"comment_status":"closed","ping_status":"closed","template":"","meta":{"_monsterinsights_skip_tracking":false,"_monsterinsights_sitenote_active":false,"_monsterinsights_sitenote_note":"","_monsterinsights_sitenote_category":0,"footnotes":""},"class_list":["post-7637","page","type-page","status-publish","hentry"],"aioseo_notices":[],"_links":{"self":[{"href":"https:\/\/lisettevandesandt.com\/de\/wp-json\/wp\/v2\/pages\/7637","targetHints":{"allow":["GET"]}}],"collection":[{"href":"https:\/\/lisettevandesandt.com\/de\/wp-json\/wp\/v2\/pages"}],"about":[{"href":"https:\/\/lisettevandesandt.com\/de\/wp-json\/wp\/v2\/types\/page"}],"author":[{"embeddable":true,"href":"https:\/\/lisettevandesandt.com\/de\/wp-json\/wp\/v2\/users\/1"}],"replies":[{"embeddable":true,"href":"https:\/\/lisettevandesandt.com\/de\/wp-json\/wp\/v2\/comments?post=7637"}],"version-history":[{"count":25,"href":"https:\/\/lisettevandesandt.com\/de\/wp-json\/wp\/v2\/pages\/7637\/revisions"}],"predecessor-version":[{"id":8627,"href":"https:\/\/lisettevandesandt.com\/de\/wp-json\/wp\/v2\/pages\/7637\/revisions\/8627"}],"wp:attachment":[{"href":"https:\/\/lisettevandesandt.com\/de\/wp-json\/wp\/v2\/media?parent=7637"}],"curies":[{"name":"wp","href":"https:\/\/api.w.org\/{rel}","templated":true}]}}